{"id":15638,"date":"2025-07-02T08:11:26","date_gmt":"2025-07-02T08:11:26","guid":{"rendered":"https:\/\/fladgatewines.com\/?post_type=product&#038;p=15638"},"modified":"2025-09-22T10:09:48","modified_gmt":"2025-09-22T10:09:48","slug":"__trashed","status":"publish","type":"product","link":"https:\/\/fladgatefamilywines.com\/en\/produto\/__trashed\/","title":{"rendered":"Colinas Cuv\u00e9e &#8220;Lady Sara&#8221; Brut Blanc de Blancs 2015"},"content":{"rendered":"\t\t<div data-elementor-type=\"wp-post\" data-elementor-id=\"15638\" class=\"elementor elementor-15638 elementor-15639\">\n\t\t\t\t\t\t<section class=\"elementor-section elementor-top-section elementor-element elementor-element-f8cc279 elementor-section-full_width elementor-section-height-default elementor-section-height-default\" data-id=\"f8cc279\" data-element_type=\"section\">\n\t\t\t\t\t\t<div class=\"elementor-container elementor-column-gap-default\">\n\t\t\t\t\t<div class=\"elementor-column elementor-col-100 elementor-top-column elementor-element elementor-element-2c3beff\" data-id=\"2c3beff\" data-element_type=\"column\">\n\t\t\t<div class=\"elementor-widget-wrap elementor-element-populated\">\n\t\t\t\t\t\t<div class=\"elementor-element elementor-element-d44eceb elementor-widget elementor-widget-text-editor\" data-id=\"d44eceb\" data-element_type=\"widget\" data-widget_type=\"text-editor.default\">\n\t\t\t\t\t\t\t\t\t<p>De bolha fin\u00edssima, super persistente, apresenta cor palha brilhante com tons dourados claros, n\u00e3o denotando os quase 10 anos de idade. Aroma de casca de citrino rec\u00e9m apanhado, combinado de notas autol\u00edticas pronunciadas (biscoito\/brioche), muito bem integradas. S\u00e3o camadas e camadas de aromas extremamente cativantes. Na boca, a mousse \u00e9 perfeita e, juntamente com a vibrante acidez, contribui para uma sensa\u00e7\u00e3o mineral, assinatura dos espumantes Colinas. O final de boca \u00e9 muito longo, com uma complexidade que se mostra em camadas que v\u00e3o desde os aromas mais c\u00edtricos, aos aromas de panifica\u00e7\u00e3o, passando pelos aromas de marmelo. Sempre tudo muito fresco e mineral.<\/p>\n\t\t\t\t\t\t\t\t<\/div>\n\t\t\t\t<section class=\"elementor-section elementor-inner-section elementor-element elementor-element-306e26f elementor-section-boxed elementor-section-height-default elementor-section-height-default\" data-id=\"306e26f\" data-element_type=\"section\">\n\t\t\t\t\t\t<div class=\"elementor-container elementor-column-gap-default\">\n\t\t\t\t\t<div class=\"elementor-column elementor-col-33 elementor-inner-column elementor-element elementor-element-095fd94\" data-id=\"095fd94\" data-element_type=\"column\">\n\t\t\t<div class=\"elementor-widget-wrap elementor-element-populated\">\n\t\t\t\t\t\t<div class=\"elementor-element elementor-element-a70073a elementor-widget elementor-widget-chateau_core_icon_list_item\" data-id=\"a70073a\" data-element_type=\"widget\" data-widget_type=\"chateau_core_icon_list_item.default\">\n\t\t\t\t<div class=\"elementor-widget-container\">\n\t\t\t\t\t<div class=\"qodef-icon-list-item qodef-icon--icon-pack\" >\n\t<p class=\"qodef-e-title\" >\n\t\t\t\t\t<a itemprop=\"url\" href=\"#\" target=\"_self\">\n\t\t\t\t\t<span class=\"qodef-e-title-inner\">\n\t\t\t\t<span class=\"qodef-shortcode qodef-m  qodef-icon-holder  qodef-layout--normal\"  >\t\t\t<span class=\"qodef-icon-elegant-icons icon_box-checked qodef-icon qodef-e\" style=\"\" ><\/span>\t<\/span>\t\t\t\t<span class=\"qodef-e-title-text\">Queijos Suaves<\/span>\n\t\t\t<\/span>\n\t\t\t\t\t<\/a>\n\t\t\t<\/p>\n<\/div>\n\t\t\t\t<\/div>\n\t\t\t\t<\/div>\n\t\t\t\t<div class=\"elementor-element elementor-element-a2439e3 elementor-widget elementor-widget-chateau_core_icon_list_item\" data-id=\"a2439e3\" data-element_type=\"widget\" data-widget_type=\"chateau_core_icon_list_item.default\">\n\t\t\t\t<div class=\"elementor-widget-container\">\n\t\t\t\t\t<div class=\"qodef-icon-list-item qodef-icon--icon-pack\" >\n\t<p class=\"qodef-e-title\" >\n\t\t\t\t\t<a itemprop=\"url\" href=\"#\" target=\"_self\">\n\t\t\t\t\t<span class=\"qodef-e-title-inner\">\n\t\t\t\t<span class=\"qodef-shortcode qodef-m  qodef-icon-holder  qodef-layout--normal\"  >\t\t\t<span class=\"qodef-icon-elegant-icons icon_box-checked qodef-icon qodef-e\" style=\"\" ><\/span>\t<\/span>\t\t\t\t<span class=\"qodef-e-title-text\">Saladas<\/span>\n\t\t\t<\/span>\n\t\t\t\t\t<\/a>\n\t\t\t<\/p>\n<\/div>\n\t\t\t\t<\/div>\n\t\t\t\t<\/div>\n\t\t\t\t\t<\/div>\n\t\t<\/div>\n\t\t\t\t<div class=\"elementor-column elementor-col-33 elementor-inner-column elementor-element elementor-element-d2e6668\" data-id=\"d2e6668\" data-element_type=\"column\">\n\t\t\t<div class=\"elementor-widget-wrap elementor-element-populated\">\n\t\t\t\t\t\t<div class=\"elementor-element elementor-element-50b802d elementor-widget elementor-widget-chateau_core_icon_list_item\" data-id=\"50b802d\" data-element_type=\"widget\" data-widget_type=\"chateau_core_icon_list_item.default\">\n\t\t\t\t<div class=\"elementor-widget-container\">\n\t\t\t\t\t<div class=\"qodef-icon-list-item qodef-icon--icon-pack\" >\n\t<p class=\"qodef-e-title\" >\n\t\t\t\t\t<a itemprop=\"url\" href=\"#\" target=\"_self\">\n\t\t\t\t\t<span class=\"qodef-e-title-inner\">\n\t\t\t\t<span class=\"qodef-shortcode qodef-m  qodef-icon-holder  qodef-layout--normal\"  >\t\t\t<span class=\"qodef-icon-elegant-icons icon_box-checked qodef-icon qodef-e\" style=\"\" ><\/span>\t<\/span>\t\t\t\t<span class=\"qodef-e-title-text\">Marisco<\/span>\n\t\t\t<\/span>\n\t\t\t\t\t<\/a>\n\t\t\t<\/p>\n<\/div>\n\t\t\t\t<\/div>\n\t\t\t\t<\/div>\n\t\t\t\t\t<\/div>\n\t\t<\/div>\n\t\t\t\t<div class=\"elementor-column elementor-col-33 elementor-inner-column elementor-element elementor-element-18d4fc8\" data-id=\"18d4fc8\" data-element_type=\"column\">\n\t\t\t<div class=\"elementor-widget-wrap elementor-element-populated\">\n\t\t\t\t\t\t<div class=\"elementor-element elementor-element-f908688 elementor-widget elementor-widget-chateau_core_icon_list_item\" data-id=\"f908688\" data-element_type=\"widget\" data-widget_type=\"chateau_core_icon_list_item.default\">\n\t\t\t\t<div class=\"elementor-widget-container\">\n\t\t\t\t\t<div class=\"qodef-icon-list-item qodef-icon--icon-pack\" >\n\t<p class=\"qodef-e-title\" >\n\t\t\t\t\t<a itemprop=\"url\" href=\"#\" target=\"_self\">\n\t\t\t\t\t<span class=\"qodef-e-title-inner\">\n\t\t\t\t<span class=\"qodef-shortcode qodef-m  qodef-icon-holder  qodef-layout--normal\"  >\t\t\t<span class=\"qodef-icon-elegant-icons icon_box-checked qodef-icon qodef-e\" style=\"\" ><\/span>\t<\/span>\t\t\t\t<span class=\"qodef-e-title-text\">Peixes<\/span>\n\t\t\t<\/span>\n\t\t\t\t\t<\/a>\n\t\t\t<\/p>\n<\/div>\n\t\t\t\t<\/div>\n\t\t\t\t<\/div>\n\t\t\t\t\t<\/div>\n\t\t<\/div>\n\t\t\t\t\t<\/div>\n\t\t<\/section>\n\t\t\t\t\t<\/div>\n\t\t<\/div>\n\t\t\t\t\t<\/div>\n\t\t<\/section>\n\t\t\t\t<\/div>\n\t\t","protected":false},"excerpt":{"rendered":"<p>The property\u2019s 61 hectares of vines are spread across the rich clay-limestone soils that dominate the gentle hills of this estate. The entire vineyard is dry farmed, meaning no irrigation is used. These famous varietals combined with the rich limestone soil, the Coquard press and the region\u2019s old tradition, makes it possible to produce sparkling wines that can rival with the best in the world, namely Champagne.<\/p>\n<p>&nbsp;<\/p>\n<p><strong>LOCATION:<\/strong> S. Louren\u00e7o do Bairro, Anadia, Portugal (Bairrada DOC)<\/p>\n<p><strong>TERROIR:<\/strong> Atlantic influenced climate, protected by the Caramulo and Bussaco Hills. Vineyards planted at high density (up to 6172 plants per hectare) on gentle hills of clay-limestone soils. Completely dry farmed.<\/p>\n<p><strong>VARIETALS:<\/strong> Chardonnay (100%)<\/p>\n<p><strong>PRODU\u00c7\u00c3O:<\/strong> M\u00e9todo cl\u00e1ssico<\/p>\n<p><strong>SERVING TEMP:<\/strong> Serve between 6-8 C\u00ba.<\/p>\n<p><strong>STORAGE:<\/strong> In a cool dry place (12 a 14 C\u00ba) away from direct sunlight and without big fluctuations in temperature.<\/p>\n<p><strong>LONGEVIDADE:<\/strong> Todos os complexos aromas desenvolvidos durante o est\u00e1gio autol\u00edtico, ou seja, o tempo que passou em garrafa em contacto pleno com as borras da 2\u00aa fermenta\u00e7\u00e3o, est\u00e3o agora na sua melhor fase e assim se manter\u00e3o por mais 2 a 5 anos.<\/p>\n","protected":false},"featured_media":15644,"comment_status":"open","ping_status":"closed","template":"","meta":{"_acf_changed":false},"product_cat":[164,175],"product_tag":[],"class_list":{"0":"post-15638","1":"product","2":"type-product","3":"status-publish","4":"has-post-thumbnail","6":"product_cat-highlights","7":"product_cat-sparkling","9":"first","10":"instock","11":"shipping-taxable","12":"purchasable","13":"product-type-simple"},"acf":[],"_links":{"self":[{"href":"https:\/\/fladgatefamilywines.com\/en\/wp-json\/wp\/v2\/product\/15638","targetHints":{"allow":["GET"]}}],"collection":[{"href":"https:\/\/fladgatefamilywines.com\/en\/wp-json\/wp\/v2\/product"}],"about":[{"href":"https:\/\/fladgatefamilywines.com\/en\/wp-json\/wp\/v2\/types\/product"}],"replies":[{"embeddable":true,"href":"https:\/\/fladgatefamilywines.com\/en\/wp-json\/wp\/v2\/comments?post=15638"}],"version-history":[{"count":5,"href":"https:\/\/fladgatefamilywines.com\/en\/wp-json\/wp\/v2\/product\/15638\/revisions"}],"predecessor-version":[{"id":15675,"href":"https:\/\/fladgatefamilywines.com\/en\/wp-json\/wp\/v2\/product\/15638\/revisions\/15675"}],"wp:featuredmedia":[{"embeddable":true,"href":"https:\/\/fladgatefamilywines.com\/en\/wp-json\/wp\/v2\/media\/15644"}],"wp:attachment":[{"href":"https:\/\/fladgatefamilywines.com\/en\/wp-json\/wp\/v2\/media?parent=15638"}],"wp:term":[{"taxonomy":"product_cat","embeddable":true,"href":"https:\/\/fladgatefamilywines.com\/en\/wp-json\/wp\/v2\/product_cat?post=15638"},{"taxonomy":"product_tag","embeddable":true,"href":"https:\/\/fladgatefamilywines.com\/en\/wp-json\/wp\/v2\/product_tag?post=15638"}],"curies":[{"name":"wp","href":"https:\/\/api.w.org\/{rel}","templated":true}]}}