{"id":14257,"date":"2025-01-20T14:02:56","date_gmt":"2025-01-20T14:02:56","guid":{"rendered":"https:\/\/fladgatewines.com\/produto\/milagres-by-quinta-da-pedra-alvarinho-2021\/"},"modified":"2025-01-20T14:38:46","modified_gmt":"2025-01-20T14:38:46","slug":"milagres-by-quinta-da-pedra-alvarinho-2021","status":"publish","type":"product","link":"https:\/\/fladgatefamilywines.com\/en\/produto\/milagres-by-quinta-da-pedra-alvarinho-2021\/","title":{"rendered":"Milagres by Quinta da Pedra Alvarinho 2021"},"content":{"rendered":"\t\t<div data-elementor-type=\"wp-post\" data-elementor-id=\"14257\" class=\"elementor elementor-14257 elementor-14247\">\n\t\t\t\t\t\t<section class=\"elementor-section elementor-top-section elementor-element elementor-element-ef55319 elementor-section-full_width elementor-section-height-default elementor-section-height-default\" data-id=\"ef55319\" data-element_type=\"section\">\n\t\t\t\t\t\t<div class=\"elementor-container elementor-column-gap-default\">\n\t\t\t\t\t<div class=\"elementor-column elementor-col-100 elementor-top-column elementor-element elementor-element-08cc8fd\" data-id=\"08cc8fd\" data-element_type=\"column\">\n\t\t\t<div class=\"elementor-widget-wrap elementor-element-populated\">\n\t\t\t\t\t\t<div class=\"elementor-element elementor-element-d91da87 elementor-widget elementor-widget-text-editor\" data-id=\"d91da87\" data-element_type=\"widget\" data-widget_type=\"text-editor.default\">\n\t\t\t\t\t\t\t\t\t<p><span class=\"OYPEnA font-feature-liga-off font-feature-clig-off font-feature-calt-off text-decoration-none text-strikethrough-none\">Bright yellow. Pronounced aroma of fresh stone fruit with citrus tones, white flowers and wet rocks. Medium to full body, with a refreshing acidity that cuts through the palate. Layers of aromatics along with a silky texture that lingers thorough the palate.  <\/span><\/p>\n\t\t\t\t\t\t\t\t<\/div>\n\t\t\t\t<section class=\"elementor-section elementor-inner-section elementor-element elementor-element-ff091a5 elementor-section-boxed elementor-section-height-default elementor-section-height-default\" data-id=\"ff091a5\" data-element_type=\"section\">\n\t\t\t\t\t\t<div class=\"elementor-container elementor-column-gap-default\">\n\t\t\t\t\t<div class=\"elementor-column elementor-col-33 elementor-inner-column elementor-element elementor-element-c54ff7c\" data-id=\"c54ff7c\" data-element_type=\"column\">\n\t\t\t<div class=\"elementor-widget-wrap elementor-element-populated\">\n\t\t\t\t\t\t<div class=\"elementor-element elementor-element-dcc46fc elementor-widget elementor-widget-chateau_core_icon_list_item\" data-id=\"dcc46fc\" data-element_type=\"widget\" data-widget_type=\"chateau_core_icon_list_item.default\">\n\t\t\t\t<div class=\"elementor-widget-container\">\n\t\t\t\t\t<div class=\"qodef-icon-list-item qodef-icon--icon-pack\" >\n\t<p class=\"qodef-e-title\" >\n\t\t\t\t\t<a itemprop=\"url\" href=\"#\" target=\"_self\">\n\t\t\t\t\t<span class=\"qodef-e-title-inner\">\n\t\t\t\t<span class=\"qodef-shortcode qodef-m  qodef-icon-holder  qodef-layout--normal\"  >\t\t\t<span class=\"qodef-icon-elegant-icons icon_box-checked qodef-icon qodef-e\" style=\"\" ><\/span>\t<\/span>\t\t\t\t<span class=\"qodef-e-title-text\">Peixes<\/span>\n\t\t\t<\/span>\n\t\t\t\t\t<\/a>\n\t\t\t<\/p>\n<\/div>\n\t\t\t\t<\/div>\n\t\t\t\t<\/div>\n\t\t\t\t\t<\/div>\n\t\t<\/div>\n\t\t\t\t<div class=\"elementor-column elementor-col-33 elementor-inner-column elementor-element elementor-element-7b3b6ec\" data-id=\"7b3b6ec\" data-element_type=\"column\">\n\t\t\t<div class=\"elementor-widget-wrap elementor-element-populated\">\n\t\t\t\t\t\t<div class=\"elementor-element elementor-element-a344a00 elementor-widget elementor-widget-chateau_core_icon_list_item\" data-id=\"a344a00\" data-element_type=\"widget\" data-widget_type=\"chateau_core_icon_list_item.default\">\n\t\t\t\t<div class=\"elementor-widget-container\">\n\t\t\t\t\t<div class=\"qodef-icon-list-item qodef-icon--icon-pack\" >\n\t<p class=\"qodef-e-title\" >\n\t\t\t\t\t<a itemprop=\"url\" href=\"#\" target=\"_self\">\n\t\t\t\t\t<span class=\"qodef-e-title-inner\">\n\t\t\t\t<span class=\"qodef-shortcode qodef-m  qodef-icon-holder  qodef-layout--normal\"  >\t\t\t<span class=\"qodef-icon-elegant-icons icon_box-checked qodef-icon qodef-e\" style=\"\" ><\/span>\t<\/span>\t\t\t\t<span class=\"qodef-e-title-text\">Marisco<\/span>\n\t\t\t<\/span>\n\t\t\t\t\t<\/a>\n\t\t\t<\/p>\n<\/div>\n\t\t\t\t<\/div>\n\t\t\t\t<\/div>\n\t\t\t\t\t<\/div>\n\t\t<\/div>\n\t\t\t\t<div class=\"elementor-column elementor-col-33 elementor-inner-column elementor-element elementor-element-b98788c\" data-id=\"b98788c\" data-element_type=\"column\">\n\t\t\t<div class=\"elementor-widget-wrap elementor-element-populated\">\n\t\t\t\t\t\t<div class=\"elementor-element elementor-element-869d2d3 elementor-widget elementor-widget-chateau_core_icon_list_item\" data-id=\"869d2d3\" data-element_type=\"widget\" data-widget_type=\"chateau_core_icon_list_item.default\">\n\t\t\t\t<div class=\"elementor-widget-container\">\n\t\t\t\t\t<div class=\"qodef-icon-list-item qodef-icon--icon-pack\" >\n\t<p class=\"qodef-e-title\" >\n\t\t\t\t\t<a itemprop=\"url\" href=\"#\" target=\"_self\">\n\t\t\t\t\t<span class=\"qodef-e-title-inner\">\n\t\t\t\t<span class=\"qodef-shortcode qodef-m  qodef-icon-holder  qodef-layout--normal\"  >\t\t\t<span class=\"qodef-icon-elegant-icons icon_box-checked qodef-icon qodef-e\" style=\"\" ><\/span>\t<\/span>\t\t\t\t<span class=\"qodef-e-title-text\">Saladas<\/span>\n\t\t\t<\/span>\n\t\t\t\t\t<\/a>\n\t\t\t<\/p>\n<\/div>\n\t\t\t\t<\/div>\n\t\t\t\t<\/div>\n\t\t\t\t\t<\/div>\n\t\t<\/div>\n\t\t\t\t\t<\/div>\n\t\t<\/section>\n\t\t\t\t\t<\/div>\n\t\t<\/div>\n\t\t\t\t\t<\/div>\n\t\t<\/section>\n\t\t\t\t<\/div>\n\t\t","protected":false},"excerpt":{"rendered":"<p><span class=\"OYPEnA font-feature-liga-off font-feature-clig-off font-feature-calt-off text-decoration-none text-strikethrough-none\">Quinta da Pedra is one of the most historical properties in the Alto Minho region, dating back to the 17th century. It is situated in the heart of Mon\u00e7\u00e3o and Melga\u00e7o, a sub region of the Vinho Verde appellation, where Alvarinho excels. The property has 30ha of vineyards, completely dry farmed, benefiting from pure granite soils. The vines, seated in a very gentle valley, benefit from plain solar exposure for perfect ripeness. Two wines are produced here: Milagres by Quinta da Pedra, which is our \u201cperfect\u201d Alvarinho and Gra\u00e7a da Pedra, which shows a more young version of this variety. Also, back vintages of Milagres can be released from time to time as a \u201cPurple Edition\u201d. <\/span><\/p>\n<p><strong>LOCATION:<\/strong> <span class=\"OYPEnA font-feature-liga-off font-feature-clig-off font-feature-calt-off text-decoration-none text-strikethrough-none\">Mon\u00e7\u00e3o, Minho, Portugal (Vinho Verde DOC)<\/span><\/p>\n<p><strong>TERROIR: <\/strong><span class=\"OYPEnA font-feature-liga-off font-feature-clig-off font-feature-calt-off text-decoration-none text-strikethrough-none\">Atlantic influenced climate. Vineyards planted on depressive soils of granite. High density plantation for better root penetration. Dry farmed for increased concentration. <\/span><\/p>\n<p><strong>VARIETALS: <\/strong><span class=\"OYPEnA font-feature-liga-off font-feature-clig-off font-feature-calt-off text-decoration-none text-strikethrough-none\">Alvarinho (100%)<\/span><\/p>\n<p><strong>VINIFICATION: <\/strong><span class=\"OYPEnA font-feature-liga-off font-feature-clig-off font-feature-calt-off text-decoration-none text-strikethrough-none\">Lightly chilled pre-fermentation maceration. Gentle pressing. Fermentation in stainless steel with controlled temperature. Final stage of fermentation finishes in very old used french oak barrels (+10 year old). B\u00e2tonnage is carried out for the first 6 months. Malolactic fermentation may occur in some barrels. After 12 months in the barrels, the wine is transferred to stainless steel tanks, finned, <\/span><span class=\"OYPEnA font-feature-liga-off font-feature-clig-off font-feature-calt-off text-decoration-none text-strikethrough-none\">filtered and bottled. It is released to the market with at least 2 years of ageing in the bottle. <\/span><\/p>\n<p><strong>SERVING TEMP: Between<\/strong><span class=\"OYPEnA font-feature-liga-off font-feature-clig-off font-feature-calt-off text-decoration-none text-strikethrough-none\">8 and 10 C\u00ba.<\/span><\/p>\n<p><strong>STORAGE: <\/strong><span class=\"OYPEnA font-feature-liga-off font-feature-clig-off font-feature-calt-off text-decoration-none text-strikethrough-none\">In<\/span><span class=\"OYPEnA font-feature-liga-off font-feature-clig-off font-feature-calt-off text-decoration-none text-strikethrough-none\"> a cool dry place (12 a 14 C\u00ba) away from direct sunlight and without big fluctuations in temperature.<\/span><\/p>\n<p><strong>AGEING ABILITY:<\/strong><span class=\"OYPEnA font-feature-liga-off font-feature-clig-off font-feature-calt-off text-decoration-none text-strikethrough-none\"> The wine is perfect to drink now, but will age beautifully until 2036-38.<\/span><\/p>\n","protected":false},"featured_media":14249,"comment_status":"open","ping_status":"closed","template":"","meta":{"_acf_changed":false},"product_cat":[164,171],"product_tag":[201,200,202],"class_list":{"0":"post-14257","1":"product","2":"type-product","3":"status-publish","4":"has-post-thumbnail","6":"product_cat-highlights","7":"product_cat-white","8":"product_tag-2021-en","9":"product_tag-milagres-en","10":"product_tag-vinho-verde-en","12":"first","13":"instock","14":"shipping-taxable","15":"product-type-simple"},"acf":[],"_links":{"self":[{"href":"https:\/\/fladgatefamilywines.com\/en\/wp-json\/wp\/v2\/product\/14257","targetHints":{"allow":["GET"]}}],"collection":[{"href":"https:\/\/fladgatefamilywines.com\/en\/wp-json\/wp\/v2\/product"}],"about":[{"href":"https:\/\/fladgatefamilywines.com\/en\/wp-json\/wp\/v2\/types\/product"}],"replies":[{"embeddable":true,"href":"https:\/\/fladgatefamilywines.com\/en\/wp-json\/wp\/v2\/comments?post=14257"}],"version-history":[{"count":0,"href":"https:\/\/fladgatefamilywines.com\/en\/wp-json\/wp\/v2\/product\/14257\/revisions"}],"wp:featuredmedia":[{"embeddable":true,"href":"https:\/\/fladgatefamilywines.com\/en\/wp-json\/wp\/v2\/media\/14249"}],"wp:attachment":[{"href":"https:\/\/fladgatefamilywines.com\/en\/wp-json\/wp\/v2\/media?parent=14257"}],"wp:term":[{"taxonomy":"product_cat","embeddable":true,"href":"https:\/\/fladgatefamilywines.com\/en\/wp-json\/wp\/v2\/product_cat?post=14257"},{"taxonomy":"product_tag","embeddable":true,"href":"https:\/\/fladgatefamilywines.com\/en\/wp-json\/wp\/v2\/product_tag?post=14257"}],"curies":[{"name":"wp","href":"https:\/\/api.w.org\/{rel}","templated":true}]}}