{"id":12968,"date":"2024-08-29T11:27:07","date_gmt":"2024-08-29T11:27:07","guid":{"rendered":"https:\/\/fladgatewines.com\/produto\/principal-tete-de-cuvee-rose-2020-75cl\/"},"modified":"2025-07-23T15:01:53","modified_gmt":"2025-07-23T15:01:53","slug":"principal-tete-de-cuvee-rose-2020","status":"publish","type":"product","link":"https:\/\/fladgatefamilywines.com\/en\/produto\/principal-tete-de-cuvee-rose-2020\/","title":{"rendered":"Principal T\u00eate de Cuv\u00e9e Ros\u00e9 2020"},"content":{"rendered":"\t\t<div data-elementor-type=\"wp-post\" data-elementor-id=\"12968\" class=\"elementor elementor-12968 elementor-10730\">\n\t\t\t\t\t\t<section class=\"elementor-section elementor-top-section elementor-element elementor-element-f8cc279 elementor-section-full_width elementor-section-height-default elementor-section-height-default\" data-id=\"f8cc279\" data-element_type=\"section\">\n\t\t\t\t\t\t<div class=\"elementor-container elementor-column-gap-default\">\n\t\t\t\t\t<div class=\"elementor-column elementor-col-100 elementor-top-column elementor-element elementor-element-2c3beff\" data-id=\"2c3beff\" data-element_type=\"column\">\n\t\t\t<div class=\"elementor-widget-wrap elementor-element-populated\">\n\t\t\t\t\t\t<div class=\"elementor-element elementor-element-d44eceb elementor-widget elementor-widget-text-editor\" data-id=\"d44eceb\" data-element_type=\"widget\" data-widget_type=\"text-editor.default\">\n\t\t\t\t\t\t\t\t\t<p>Pale salmon. Great aromatic impact, with notes of fresh red fruit, fresh herbs and wet stone. Enormous delicacy in the mouth, with a satin texture and vibrant acidity. It finishes very long, with a huge concentration of citrus fruit.   <\/p>\n\t\t\t\t\t\t\t\t<\/div>\n\t\t\t\t<section class=\"elementor-section elementor-inner-section elementor-element elementor-element-306e26f elementor-section-boxed elementor-section-height-default elementor-section-height-default\" data-id=\"306e26f\" data-element_type=\"section\">\n\t\t\t\t\t\t<div class=\"elementor-container elementor-column-gap-default\">\n\t\t\t\t\t<div class=\"elementor-column elementor-col-33 elementor-inner-column elementor-element elementor-element-095fd94\" data-id=\"095fd94\" data-element_type=\"column\">\n\t\t\t<div class=\"elementor-widget-wrap elementor-element-populated\">\n\t\t\t\t\t\t<div class=\"elementor-element elementor-element-a70073a elementor-widget elementor-widget-chateau_core_icon_list_item\" data-id=\"a70073a\" data-element_type=\"widget\" data-widget_type=\"chateau_core_icon_list_item.default\">\n\t\t\t\t<div class=\"elementor-widget-container\">\n\t\t\t\t\t<div class=\"qodef-icon-list-item qodef-icon--icon-pack\" >\n\t<p class=\"qodef-e-title\" >\n\t\t\t\t\t<a itemprop=\"url\" href=\"#\" target=\"_self\">\n\t\t\t\t\t<span class=\"qodef-e-title-inner\">\n\t\t\t\t<span class=\"qodef-shortcode qodef-m  qodef-icon-holder  qodef-layout--normal\"  >\t\t\t<span class=\"qodef-icon-elegant-icons icon_box-checked qodef-icon qodef-e\" style=\"\" ><\/span>\t<\/span>\t\t\t\t<span class=\"qodef-e-title-text\">Pizzas<\/span>\n\t\t\t<\/span>\n\t\t\t\t\t<\/a>\n\t\t\t<\/p>\n<\/div>\n\t\t\t\t<\/div>\n\t\t\t\t<\/div>\n\t\t\t\t<div class=\"elementor-element elementor-element-a2439e3 elementor-widget elementor-widget-chateau_core_icon_list_item\" data-id=\"a2439e3\" data-element_type=\"widget\" data-widget_type=\"chateau_core_icon_list_item.default\">\n\t\t\t\t<div class=\"elementor-widget-container\">\n\t\t\t\t\t<div class=\"qodef-icon-list-item qodef-icon--icon-pack\" >\n\t<p class=\"qodef-e-title\" >\n\t\t\t\t\t<a itemprop=\"url\" href=\"#\" target=\"_self\">\n\t\t\t\t\t<span class=\"qodef-e-title-inner\">\n\t\t\t\t<span class=\"qodef-shortcode qodef-m  qodef-icon-holder  qodef-layout--normal\"  >\t\t\t<span class=\"qodef-icon-elegant-icons icon_box-checked qodef-icon qodef-e\" style=\"\" ><\/span>\t<\/span>\t\t\t\t<span class=\"qodef-e-title-text\">Carnes Brancas<\/span>\n\t\t\t<\/span>\n\t\t\t\t\t<\/a>\n\t\t\t<\/p>\n<\/div>\n\t\t\t\t<\/div>\n\t\t\t\t<\/div>\n\t\t\t\t\t<\/div>\n\t\t<\/div>\n\t\t\t\t<div class=\"elementor-column elementor-col-33 elementor-inner-column elementor-element elementor-element-d2e6668\" data-id=\"d2e6668\" data-element_type=\"column\">\n\t\t\t<div class=\"elementor-widget-wrap elementor-element-populated\">\n\t\t\t\t\t\t<div class=\"elementor-element elementor-element-50b802d elementor-widget elementor-widget-chateau_core_icon_list_item\" data-id=\"50b802d\" data-element_type=\"widget\" data-widget_type=\"chateau_core_icon_list_item.default\">\n\t\t\t\t<div class=\"elementor-widget-container\">\n\t\t\t\t\t<div class=\"qodef-icon-list-item qodef-icon--icon-pack\" >\n\t<p class=\"qodef-e-title\" >\n\t\t\t\t\t<a itemprop=\"url\" href=\"#\" target=\"_self\">\n\t\t\t\t\t<span class=\"qodef-e-title-inner\">\n\t\t\t\t<span class=\"qodef-shortcode qodef-m  qodef-icon-holder  qodef-layout--normal\"  >\t\t\t<span class=\"qodef-icon-elegant-icons icon_box-checked qodef-icon qodef-e\" style=\"\" ><\/span>\t<\/span>\t\t\t\t<span class=\"qodef-e-title-text\">Saladas<\/span>\n\t\t\t<\/span>\n\t\t\t\t\t<\/a>\n\t\t\t<\/p>\n<\/div>\n\t\t\t\t<\/div>\n\t\t\t\t<\/div>\n\t\t\t\t\t<\/div>\n\t\t<\/div>\n\t\t\t\t<div class=\"elementor-column elementor-col-33 elementor-inner-column elementor-element elementor-element-18d4fc8\" data-id=\"18d4fc8\" data-element_type=\"column\">\n\t\t\t<div class=\"elementor-widget-wrap elementor-element-populated\">\n\t\t\t\t\t\t<div class=\"elementor-element elementor-element-f908688 elementor-widget elementor-widget-chateau_core_icon_list_item\" data-id=\"f908688\" data-element_type=\"widget\" data-widget_type=\"chateau_core_icon_list_item.default\">\n\t\t\t\t<div class=\"elementor-widget-container\">\n\t\t\t\t\t<div class=\"qodef-icon-list-item qodef-icon--icon-pack\" >\n\t<p class=\"qodef-e-title\" >\n\t\t\t\t\t<a itemprop=\"url\" href=\"#\" target=\"_self\">\n\t\t\t\t\t<span class=\"qodef-e-title-inner\">\n\t\t\t\t<span class=\"qodef-shortcode qodef-m  qodef-icon-holder  qodef-layout--normal\"  >\t\t\t<span class=\"qodef-icon-elegant-icons icon_box-checked qodef-icon qodef-e\" style=\"\" ><\/span>\t<\/span>\t\t\t\t<span class=\"qodef-e-title-text\">Peixes<\/span>\n\t\t\t<\/span>\n\t\t\t\t\t<\/a>\n\t\t\t<\/p>\n<\/div>\n\t\t\t\t<\/div>\n\t\t\t\t<\/div>\n\t\t\t\t\t<\/div>\n\t\t<\/div>\n\t\t\t\t\t<\/div>\n\t\t<\/section>\n\t\t\t\t\t<\/div>\n\t\t<\/div>\n\t\t\t\t\t<\/div>\n\t\t<\/section>\n\t\t\t\t<\/div>\n\t\t","protected":false},"excerpt":{"rendered":"<p>The property\u2019s 61 hectares of vines are spread across the rich clay-limestone soils that dominate the gentle hills of this estate. The entire vineyard is dry farmed, meaning no irrigation is used. World class sparkling wines are made here using Pinot Noir, but also this incredible ros\u00e9 wine, with its fine nose, mineral freshness, wonderful length and delicateness of fruit. It is important to note that this wine is an exceptional pinot noir, before being a exceptional ros\u00e9.<\/p>\n<p>&nbsp;<\/p>\n<p><strong>LOCATION:<\/strong> S. Louren\u00e7o do Bairro, Bairrada, Portugal (Bairrada DOC)<\/p>\n<p><strong>TERROIR:<\/strong> Atlantic influenced climate, protected by the Caramulo and Bussaco Hills. Vineyards planted at high density (up to 6172 plants per hectare) on gentle hills of clay-limestone soils. Completely dry farmed.<\/p>\n<p><strong>CASTAS:<\/strong> Pinot Noir (100%)<\/p>\n<p><strong>SERVING TEMP:<\/strong> Serve between 6-8 C\u00ba.<\/p>\n<p><strong>STORAGE:<\/strong> In a cool dry place (12 a 14 C\u00ba) away from direct sunlight and without big fluctuations in temperature.<\/p>\n<p><strong>LONGEVIDADE:<\/strong> Est\u00e1 pronto a beber, mas ir\u00e1 evoluir positivamente at\u00e9 2030-34.<\/p>\n","protected":false},"featured_media":15817,"comment_status":"open","ping_status":"closed","template":"","meta":{"_acf_changed":false},"product_cat":[164,176],"product_tag":[],"class_list":{"0":"post-12968","1":"product","2":"type-product","3":"status-publish","4":"has-post-thumbnail","6":"product_cat-highlights","7":"product_cat-rose-en","9":"first","10":"instock","11":"shipping-taxable","12":"purchasable","13":"product-type-simple"},"acf":[],"_links":{"self":[{"href":"https:\/\/fladgatefamilywines.com\/en\/wp-json\/wp\/v2\/product\/12968","targetHints":{"allow":["GET"]}}],"collection":[{"href":"https:\/\/fladgatefamilywines.com\/en\/wp-json\/wp\/v2\/product"}],"about":[{"href":"https:\/\/fladgatefamilywines.com\/en\/wp-json\/wp\/v2\/types\/product"}],"replies":[{"embeddable":true,"href":"https:\/\/fladgatefamilywines.com\/en\/wp-json\/wp\/v2\/comments?post=12968"}],"version-history":[{"count":2,"href":"https:\/\/fladgatefamilywines.com\/en\/wp-json\/wp\/v2\/product\/12968\/revisions"}],"predecessor-version":[{"id":15820,"href":"https:\/\/fladgatefamilywines.com\/en\/wp-json\/wp\/v2\/product\/12968\/revisions\/15820"}],"wp:featuredmedia":[{"embeddable":true,"href":"https:\/\/fladgatefamilywines.com\/en\/wp-json\/wp\/v2\/media\/15817"}],"wp:attachment":[{"href":"https:\/\/fladgatefamilywines.com\/en\/wp-json\/wp\/v2\/media?parent=12968"}],"wp:term":[{"taxonomy":"product_cat","embeddable":true,"href":"https:\/\/fladgatefamilywines.com\/en\/wp-json\/wp\/v2\/product_cat?post=12968"},{"taxonomy":"product_tag","embeddable":true,"href":"https:\/\/fladgatefamilywines.com\/en\/wp-json\/wp\/v2\/product_tag?post=12968"}],"curies":[{"name":"wp","href":"https:\/\/api.w.org\/{rel}","templated":true}]}}