{"id":12930,"date":"2024-08-30T10:17:34","date_gmt":"2024-08-30T10:17:34","guid":{"rendered":"https:\/\/fladgatewines.com\/produto\/milagres-purple-edition-alvarinho-2016-75cl\/"},"modified":"2025-01-17T15:28:07","modified_gmt":"2025-01-17T15:28:07","slug":"milagres-purple-edition-alvarinho-2016","status":"publish","type":"product","link":"https:\/\/fladgatefamilywines.com\/en\/produto\/milagres-purple-edition-alvarinho-2016\/","title":{"rendered":"Milagres Purple Edition Alvarinho 2016"},"content":{"rendered":"\t\t<div data-elementor-type=\"wp-post\" data-elementor-id=\"12930\" class=\"elementor elementor-12930 elementor-10849\">\n\t\t\t\t\t\t<section class=\"elementor-section elementor-top-section elementor-element elementor-element-f8cc279 elementor-section-full_width elementor-section-height-default elementor-section-height-default\" data-id=\"f8cc279\" data-element_type=\"section\">\n\t\t\t\t\t\t<div class=\"elementor-container elementor-column-gap-default\">\n\t\t\t\t\t<div class=\"elementor-column elementor-col-100 elementor-top-column elementor-element elementor-element-2c3beff\" data-id=\"2c3beff\" data-element_type=\"column\">\n\t\t\t<div class=\"elementor-widget-wrap elementor-element-populated\">\n\t\t\t\t\t\t<div class=\"elementor-element elementor-element-d44eceb elementor-widget elementor-widget-text-editor\" data-id=\"d44eceb\" data-element_type=\"widget\" data-widget_type=\"text-editor.default\">\n\t\t\t\t\t\t\t\t\t<p>Bright yellow gold. Pronounced aroma of citrus and stone fruit preserve, light honey and wet rocks. Medium to full body, with a refreshing acidity that cuts through the palate. Silky texture and very long aftertaste, almost like spring water.   <\/p>\n\t\t\t\t\t\t\t\t<\/div>\n\t\t\t\t<section class=\"elementor-section elementor-inner-section elementor-element elementor-element-306e26f elementor-section-boxed elementor-section-height-default elementor-section-height-default\" data-id=\"306e26f\" data-element_type=\"section\">\n\t\t\t\t\t\t<div class=\"elementor-container elementor-column-gap-default\">\n\t\t\t\t\t<div class=\"elementor-column elementor-col-33 elementor-inner-column elementor-element elementor-element-095fd94\" data-id=\"095fd94\" data-element_type=\"column\">\n\t\t\t<div class=\"elementor-widget-wrap elementor-element-populated\">\n\t\t\t\t\t\t<div class=\"elementor-element elementor-element-a70073a elementor-widget elementor-widget-chateau_core_icon_list_item\" data-id=\"a70073a\" data-element_type=\"widget\" data-widget_type=\"chateau_core_icon_list_item.default\">\n\t\t\t\t<div class=\"elementor-widget-container\">\n\t\t\t\t\t<div class=\"qodef-icon-list-item qodef-icon--icon-pack\" >\n\t<p class=\"qodef-e-title\" >\n\t\t\t\t\t<a itemprop=\"url\" href=\"#\" target=\"_self\">\n\t\t\t\t\t<span class=\"qodef-e-title-inner\">\n\t\t\t\t<span class=\"qodef-shortcode qodef-m  qodef-icon-holder  qodef-layout--normal\"  >\t\t\t<span class=\"qodef-icon-elegant-icons icon_box-checked qodef-icon qodef-e\" style=\"\" ><\/span>\t<\/span>\t\t\t\t<span class=\"qodef-e-title-text\">Fish<\/span>\n\t\t\t<\/span>\n\t\t\t\t\t<\/a>\n\t\t\t<\/p>\n<\/div>\n\t\t\t\t<\/div>\n\t\t\t\t<\/div>\n\t\t\t\t\t<\/div>\n\t\t<\/div>\n\t\t\t\t<div class=\"elementor-column elementor-col-33 elementor-inner-column elementor-element elementor-element-d2e6668\" data-id=\"d2e6668\" data-element_type=\"column\">\n\t\t\t<div class=\"elementor-widget-wrap elementor-element-populated\">\n\t\t\t\t\t\t<div class=\"elementor-element elementor-element-50b802d elementor-widget elementor-widget-chateau_core_icon_list_item\" data-id=\"50b802d\" data-element_type=\"widget\" data-widget_type=\"chateau_core_icon_list_item.default\">\n\t\t\t\t<div class=\"elementor-widget-container\">\n\t\t\t\t\t<div class=\"qodef-icon-list-item qodef-icon--icon-pack\" >\n\t<p class=\"qodef-e-title\" >\n\t\t\t\t\t<a itemprop=\"url\" href=\"#\" target=\"_self\">\n\t\t\t\t\t<span class=\"qodef-e-title-inner\">\n\t\t\t\t<span class=\"qodef-shortcode qodef-m  qodef-icon-holder  qodef-layout--normal\"  >\t\t\t<span class=\"qodef-icon-elegant-icons icon_box-checked qodef-icon qodef-e\" style=\"\" ><\/span>\t<\/span>\t\t\t\t<span class=\"qodef-e-title-text\">Seafood<\/span>\n\t\t\t<\/span>\n\t\t\t\t\t<\/a>\n\t\t\t<\/p>\n<\/div>\n\t\t\t\t<\/div>\n\t\t\t\t<\/div>\n\t\t\t\t\t<\/div>\n\t\t<\/div>\n\t\t\t\t<div class=\"elementor-column elementor-col-33 elementor-inner-column elementor-element elementor-element-18d4fc8\" data-id=\"18d4fc8\" data-element_type=\"column\">\n\t\t\t<div class=\"elementor-widget-wrap elementor-element-populated\">\n\t\t\t\t\t\t<div class=\"elementor-element elementor-element-f908688 elementor-widget elementor-widget-chateau_core_icon_list_item\" data-id=\"f908688\" data-element_type=\"widget\" data-widget_type=\"chateau_core_icon_list_item.default\">\n\t\t\t\t<div class=\"elementor-widget-container\">\n\t\t\t\t\t<div class=\"qodef-icon-list-item qodef-icon--icon-pack\" >\n\t<p class=\"qodef-e-title\" >\n\t\t\t\t\t<a itemprop=\"url\" href=\"#\" target=\"_self\">\n\t\t\t\t\t<span class=\"qodef-e-title-inner\">\n\t\t\t\t<span class=\"qodef-shortcode qodef-m  qodef-icon-holder  qodef-layout--normal\"  >\t\t\t<span class=\"qodef-icon-elegant-icons icon_box-checked qodef-icon qodef-e\" style=\"\" ><\/span>\t<\/span>\t\t\t\t<span class=\"qodef-e-title-text\">Salad<\/span>\n\t\t\t<\/span>\n\t\t\t\t\t<\/a>\n\t\t\t<\/p>\n<\/div>\n\t\t\t\t<\/div>\n\t\t\t\t<\/div>\n\t\t\t\t\t<\/div>\n\t\t<\/div>\n\t\t\t\t\t<\/div>\n\t\t<\/section>\n\t\t\t\t\t<\/div>\n\t\t<\/div>\n\t\t\t\t\t<\/div>\n\t\t<\/section>\n\t\t\t\t<\/div>\n\t\t","protected":false},"excerpt":{"rendered":"<p>Quinta da Pedra is one of the most historical properties in the Alto Minho region, dating back to the 17th century. It is situated in the heart of Mon\u00e7\u00e3o and Melga\u00e7o, a sub region of the Vinho Verde appellation, where Alvarinho excels. The property has 53ha, completely dry farmed, benefiting from pure granite soils, with gentle slopes for drainage and perfect exposure. Two wines are produced here: Milagres by Quinta da Pedra, which is our \u201cperfect\u201d Alvarinho and Gra\u00e7a da Pedra, which shows a more young version of this variety. Also, back vintages of Milagres can be released from time to time as a \u201cPurple Edition\u201d.<\/p>\n<p>&nbsp;<\/p>\n<p><strong>LOCATION:<\/strong> Mon\u00e7\u00e3o, Minho, Portugal (Vinho Verde) <strong>TERROIR:<\/strong> Atlantic influenced climate. Vineyards planted on depressive soils of granite. High density plantation for better root penetration. Dry farmed for increased concentration. <strong>VARIETALS:<\/strong> Alvarinho (100%) <strong>SERVING TEMP:<\/strong> Serve between 8 and 10 C\u00ba. <strong>STORAGE:<\/strong> In a cool dry place (12 a 14 C\u00ba) away from direct sunlight and without big fluctuations in temperature. <strong>AGEING ABILITY:<\/strong> The wine is perfect to drink now, but will age beautifully until 2028-30.<\/p>\n","protected":false},"featured_media":12617,"comment_status":"open","ping_status":"closed","template":"","meta":{"_acf_changed":false},"product_cat":[164,171],"product_tag":[],"class_list":{"0":"post-12930","1":"product","2":"type-product","3":"status-publish","4":"has-post-thumbnail","6":"product_cat-highlights","7":"product_cat-white","9":"first","10":"instock","11":"shipping-taxable","12":"purchasable","13":"product-type-simple"},"acf":[],"_links":{"self":[{"href":"https:\/\/fladgatefamilywines.com\/en\/wp-json\/wp\/v2\/product\/12930","targetHints":{"allow":["GET"]}}],"collection":[{"href":"https:\/\/fladgatefamilywines.com\/en\/wp-json\/wp\/v2\/product"}],"about":[{"href":"https:\/\/fladgatefamilywines.com\/en\/wp-json\/wp\/v2\/types\/product"}],"replies":[{"embeddable":true,"href":"https:\/\/fladgatefamilywines.com\/en\/wp-json\/wp\/v2\/comments?post=12930"}],"version-history":[{"count":0,"href":"https:\/\/fladgatefamilywines.com\/en\/wp-json\/wp\/v2\/product\/12930\/revisions"}],"wp:featuredmedia":[{"embeddable":true,"href":"https:\/\/fladgatefamilywines.com\/en\/wp-json\/wp\/v2\/media\/12617"}],"wp:attachment":[{"href":"https:\/\/fladgatefamilywines.com\/en\/wp-json\/wp\/v2\/media?parent=12930"}],"wp:term":[{"taxonomy":"product_cat","embeddable":true,"href":"https:\/\/fladgatefamilywines.com\/en\/wp-json\/wp\/v2\/product_cat?post=12930"},{"taxonomy":"product_tag","embeddable":true,"href":"https:\/\/fladgatefamilywines.com\/en\/wp-json\/wp\/v2\/product_tag?post=12930"}],"curies":[{"name":"wp","href":"https:\/\/api.w.org\/{rel}","templated":true}]}}