{"id":12843,"date":"2024-09-02T08:34:43","date_gmt":"2024-09-02T08:34:43","guid":{"rendered":"https:\/\/fladgatewines.com\/vineyards\/paco-de-palmeira\/"},"modified":"2025-02-06T14:37:39","modified_gmt":"2025-02-06T14:37:39","slug":"paco-de-palmeira","status":"publish","type":"page","link":"https:\/\/fladgatefamilywines.com\/en\/vineyards\/paco-de-palmeira\/","title":{"rendered":"Pa\u00e7o de Palmeira"},"content":{"rendered":"\t\t<div data-elementor-type=\"wp-page\" data-elementor-id=\"12843\" class=\"elementor elementor-12843 elementor-11012\">\n\t\t\t\t\t\t<section class=\"elementor-section elementor-top-section elementor-element elementor-element-7fdba87 elementor-section-full_width elementor-section-height-min-height elementor-section-height-default elementor-section-items-middle\" data-id=\"7fdba87\" data-element_type=\"section\" data-settings=\"{&quot;background_background&quot;:&quot;classic&quot;}\">\n\t\t\t\t\t\t<div class=\"elementor-container elementor-column-gap-default\">\n\t\t\t\t\t<div class=\"elementor-column elementor-col-100 elementor-top-column elementor-element elementor-element-bf9ebdb\" data-id=\"bf9ebdb\" data-element_type=\"column\">\n\t\t\t<div class=\"elementor-widget-wrap\">\n\t\t\t\t\t\t\t<\/div>\n\t\t<\/div>\n\t\t\t\t\t<\/div>\n\t\t<\/section>\n\t\t<div class=\"elementor-element elementor-element-5e2ce5d e-flex e-con-boxed e-con e-parent\" data-id=\"5e2ce5d\" data-element_type=\"container\">\n\t\t\t\t\t<div class=\"e-con-inner\">\n\t\t\t\t<div class=\"elementor-element elementor-element-3d8bd16 elementor-widget elementor-widget-chateau_core_section_title\" data-id=\"3d8bd16\" data-element_type=\"widget\" data-widget_type=\"chateau_core_section_title.default\">\n\t\t\t\t<div class=\"elementor-widget-container\">\n\t\t\t\t\t<div class=\"qodef-shortcode qodef-m  qodef-section-title qodef-alignment--center \">\n\t\t<h1 class=\"qodef-m-title\" >\n\t\t\t\t\tPa\u00e7o de Palmeira\t\t\t<\/h1>\n\t<div class=\"qodef-m-subtitle-content qodef--has-appear\" >\n\t<div class=\"qodef-m-subtitle-line-one\" ><\/div>\n\t\t<div class=\"qodef-m-subtitle-line-two\" ><\/div>\n<\/div>\n\t<\/div>\n\t\t\t\t<\/div>\n\t\t\t\t<\/div>\n\t\t\t\t\t<\/div>\n\t\t\t\t<\/div>\n\t\t<div class=\"elementor-element elementor-element-a56795f e-flex e-con-boxed e-con e-parent\" data-id=\"a56795f\" data-element_type=\"container\">\n\t\t\t\t\t<div class=\"e-con-inner\">\n\t\t\t\t<div class=\"elementor-element elementor-element-56aec67 elementor-widget elementor-widget-text-editor\" data-id=\"56aec67\" data-element_type=\"widget\" data-widget_type=\"text-editor.default\">\n\t\t\t\t\t\t\t\t\t<p>Located on the banks of the C\u00e1vado River, near the city of Braga, Pa\u00e7o de Palmeira is a monumental estate with rich historical significance. Originally designed as the residence of the Archbishop of Braga, the property boasts one of the most stunning architectural landmarks in the Minho region. The estate\u2019s history as a wine-producing property dates back several centuries, with vineyards planted on the surrounding lands long before the establishment of the Vinho Verde Denomination of Origin (DOC) in 1908. In fact, Pa\u00e7o de Palmeira was one of the first areas where the Loureiro grape was planted, and it continues to be a stronghold for this native Portuguese variety.<\/p>\n<p>The estate covers 19 hectares of vineyards, planted on fertile soils and benefiting from a temperate microclimate influenced by the river\u2019s proximity. Pa\u00e7o de Palmeira\u2019s Loureiro wines are some of the most expressive in the region, known for their fresh, floral aromas and vibrant citrus notes. The variety excels in this terroir, producing wines of remarkable complexity, concentration, and a strong sense of place. Loureiro from this estate is particularly valued for its potential for aging, revealing even more depth and elegance over time. Pa\u00e7o de Palmeira is not only an essential producer of Loureiro but also an important historical site that highlights the region\u2019s long winemaking tradition. The wines produced here continue to capture the essence of the Minho terroir while honoring centuries of winemaking heritage.<\/p>\n\t\t\t\t\t\t\t\t<\/div>\n\t\t\t\t\t<\/div>\n\t\t\t\t<\/div>\n\t\t<div class=\"elementor-element elementor-element-2d47634 e-flex e-con-boxed e-con e-parent\" data-id=\"2d47634\" data-element_type=\"container\">\n\t\t\t\t\t<div class=\"e-con-inner\">\n\t\t<div class=\"elementor-element elementor-element-cf3fe00 e-con-full e-flex e-con e-child\" data-id=\"cf3fe00\" data-element_type=\"container\">\n\t\t\t\t<\/div>\n\t\t<div class=\"elementor-element elementor-element-b2ed0ea e-con-full e-flex e-con e-child\" data-id=\"b2ed0ea\" data-element_type=\"container\">\n\t\t\t\t<div class=\"elementor-element elementor-element-b8552e5 elementor-widget elementor-widget-text-editor\" data-id=\"b8552e5\" data-element_type=\"widget\" data-widget_type=\"text-editor.default\">\n\t\t\t\t\t\t\t\t\t<p>Area: 19 hectares<br \/>Main grapes: Loureiro<\/p>\n\t\t\t\t\t\t\t\t<\/div>\n\t\t\t\t<\/div>\n\t\t\t\t\t<\/div>\n\t\t\t\t<\/div>\n\t\t<div class=\"elementor-element elementor-element-325f32f e-flex e-con-boxed e-con e-parent\" data-id=\"325f32f\" data-element_type=\"container\">\n\t\t\t\t\t<div class=\"e-con-inner\">\n\t\t<div class=\"elementor-element elementor-element-97442a3 e-con-full e-flex e-con e-child\" data-id=\"97442a3\" data-element_type=\"container\">\n\t\t\t\t<div class=\"elementor-element elementor-element-4455e5c elementor-widget elementor-widget-image\" data-id=\"4455e5c\" data-element_type=\"widget\" data-widget_type=\"image.default\">\n\t\t\t\t\t\t\t\t\t\t\t\t\t\t\t<img fetchpriority=\"high\" decoding=\"async\" width=\"650\" height=\"650\" src=\"https:\/\/fladgatefamilywines.com\/wp-content\/uploads\/2025\/01\/Paco-de-Palmeira-1.jpg\" class=\"attachment-chateau_core_image_size_square size-chateau_core_image_size_square wp-image-14223\" alt=\"\" srcset=\"https:\/\/fladgatefamilywines.com\/wp-content\/uploads\/2025\/01\/Paco-de-Palmeira-1.jpg 650w, https:\/\/fladgatefamilywines.com\/wp-content\/uploads\/2025\/01\/Paco-de-Palmeira-1-300x300.jpg 300w, https:\/\/fladgatefamilywines.com\/wp-content\/uploads\/2025\/01\/Paco-de-Palmeira-1-150x150.jpg 150w, https:\/\/fladgatefamilywines.com\/wp-content\/uploads\/2025\/01\/Paco-de-Palmeira-1-600x600.jpg 600w, https:\/\/fladgatefamilywines.com\/wp-content\/uploads\/2025\/01\/Paco-de-Palmeira-1-100x100.jpg 100w\" sizes=\"(max-width: 650px) 100vw, 650px\" \/>\t\t\t\t\t\t\t\t\t\t\t\t\t\t\t<\/div>\n\t\t\t\t<\/div>\n\t\t<div class=\"elementor-element elementor-element-42c9712 e-con-full e-flex e-con e-child\" data-id=\"42c9712\" data-element_type=\"container\">\n\t\t<div class=\"elementor-element elementor-element-44f46e8 e-con-full e-flex e-con e-child\" data-id=\"44f46e8\" data-element_type=\"container\">\n\t\t\t\t<div class=\"elementor-element elementor-element-9950953 elementor-widget elementor-widget-image\" data-id=\"9950953\" data-element_type=\"widget\" data-widget_type=\"image.default\">\n\t\t\t\t\t\t\t\t\t\t\t\t\t\t\t<img decoding=\"async\" width=\"650\" height=\"650\" src=\"https:\/\/fladgatefamilywines.com\/wp-content\/uploads\/2025\/01\/Paco-de-Palmeira-4.jpg\" class=\"attachment-large size-large wp-image-14225\" alt=\"\" srcset=\"https:\/\/fladgatefamilywines.com\/wp-content\/uploads\/2025\/01\/Paco-de-Palmeira-4.jpg 650w, https:\/\/fladgatefamilywines.com\/wp-content\/uploads\/2025\/01\/Paco-de-Palmeira-4-300x300.jpg 300w, https:\/\/fladgatefamilywines.com\/wp-content\/uploads\/2025\/01\/Paco-de-Palmeira-4-150x150.jpg 150w, https:\/\/fladgatefamilywines.com\/wp-content\/uploads\/2025\/01\/Paco-de-Palmeira-4-600x600.jpg 600w, https:\/\/fladgatefamilywines.com\/wp-content\/uploads\/2025\/01\/Paco-de-Palmeira-4-100x100.jpg 100w\" sizes=\"(max-width: 650px) 100vw, 650px\" \/>\t\t\t\t\t\t\t\t\t\t\t\t\t\t\t<\/div>\n\t\t\t\t<div class=\"elementor-element elementor-element-bd4924c elementor-widget elementor-widget-image\" data-id=\"bd4924c\" data-element_type=\"widget\" data-widget_type=\"image.default\">\n\t\t\t\t\t\t\t\t\t\t\t\t\t\t\t<img decoding=\"async\" width=\"650\" height=\"650\" src=\"https:\/\/fladgatefamilywines.com\/wp-content\/uploads\/2025\/01\/Paco-de-Palmeira-3.jpg\" class=\"attachment-chateau_core_image_size_square size-chateau_core_image_size_square wp-image-14227\" alt=\"\" srcset=\"https:\/\/fladgatefamilywines.com\/wp-content\/uploads\/2025\/01\/Paco-de-Palmeira-3.jpg 650w, https:\/\/fladgatefamilywines.com\/wp-content\/uploads\/2025\/01\/Paco-de-Palmeira-3-300x300.jpg 300w, https:\/\/fladgatefamilywines.com\/wp-content\/uploads\/2025\/01\/Paco-de-Palmeira-3-150x150.jpg 150w, https:\/\/fladgatefamilywines.com\/wp-content\/uploads\/2025\/01\/Paco-de-Palmeira-3-600x600.jpg 600w, https:\/\/fladgatefamilywines.com\/wp-content\/uploads\/2025\/01\/Paco-de-Palmeira-3-100x100.jpg 100w\" sizes=\"(max-width: 650px) 100vw, 650px\" \/>\t\t\t\t\t\t\t\t\t\t\t\t\t\t\t<\/div>\n\t\t\t\t<\/div>\n\t\t<div class=\"elementor-element elementor-element-1adc887 e-con-full e-flex e-con e-child\" data-id=\"1adc887\" data-element_type=\"container\">\n\t\t\t\t<div class=\"elementor-element elementor-element-8c17285 elementor-widget elementor-widget-image\" data-id=\"8c17285\" data-element_type=\"widget\" data-widget_type=\"image.default\">\n\t\t\t\t\t\t\t\t\t\t\t\t\t\t\t<img loading=\"lazy\" decoding=\"async\" width=\"650\" height=\"650\" src=\"https:\/\/fladgatefamilywines.com\/wp-content\/uploads\/2025\/01\/Paco-de-Palmeira-2-1.jpg\" class=\"attachment-large size-large wp-image-14229\" alt=\"\" srcset=\"https:\/\/fladgatefamilywines.com\/wp-content\/uploads\/2025\/01\/Paco-de-Palmeira-2-1.jpg 650w, https:\/\/fladgatefamilywines.com\/wp-content\/uploads\/2025\/01\/Paco-de-Palmeira-2-1-300x300.jpg 300w, https:\/\/fladgatefamilywines.com\/wp-content\/uploads\/2025\/01\/Paco-de-Palmeira-2-1-150x150.jpg 150w, https:\/\/fladgatefamilywines.com\/wp-content\/uploads\/2025\/01\/Paco-de-Palmeira-2-1-600x600.jpg 600w, https:\/\/fladgatefamilywines.com\/wp-content\/uploads\/2025\/01\/Paco-de-Palmeira-2-1-100x100.jpg 100w\" sizes=\"(max-width: 650px) 100vw, 650px\" \/>\t\t\t\t\t\t\t\t\t\t\t\t\t\t\t<\/div>\n\t\t\t\t<\/div>\n\t\t\t\t<\/div>\n\t\t\t\t\t<\/div>\n\t\t\t\t<\/div>\n\t\t<div class=\"elementor-element elementor-element-71ff653 e-flex e-con-boxed e-con e-parent\" data-id=\"71ff653\" data-element_type=\"container\">\n\t\t\t\t\t<div class=\"e-con-inner\">\n\t\t\t\t<div class=\"elementor-element elementor-element-d71c20e elementor-widget elementor-widget-qi_addons_for_elementor_section_title\" data-id=\"d71c20e\" data-element_type=\"widget\" data-widget_type=\"qi_addons_for_elementor_section_title.default\">\n\t\t\t\t<div class=\"elementor-widget-container\">\n\t\t\t\t\t<div class=\"qodef-shortcode qodef-m  qodef-qi-section-title  qodef-decoration--italic  qodef-link--underline-draw qodef-subtitle-icon--left\">\n\t\t\t\t\t\t<h2 class=\"qodef-m-title\">\n\t\tOUR WINES\t<\/h2>\n\t\t\t<\/div>\n\t\t\t\t<\/div>\n\t\t\t\t<\/div>\n\t\t\t\t\t<\/div>\n\t\t\t\t<\/div>\n\t\t<div class=\"elementor-element elementor-element-165b4bc e-flex e-con-boxed e-con e-parent\" data-id=\"165b4bc\" data-element_type=\"container\" data-settings=\"{&quot;background_background&quot;:&quot;classic&quot;}\">\n\t\t\t\t\t<div class=\"e-con-inner\">\n\t\t\t\t<div class=\"elementor-element elementor-element-f2bfcac qodef-info-below-alignment--center elementor-widget elementor-widget-qi_addons_for_elementor_product_list\" data-id=\"f2bfcac\" data-element_type=\"widget\" data-widget_type=\"qi_addons_for_elementor_product_list.default\">\n\t\t\t\t<div class=\"elementor-widget-container\">\n\t\t\t\t\t<div class=\"qodef-shortcode qodef-m  qodef-addons-woo-shortcode qodef-qi-woo-shortcode-product-list qodef-item-layout--info-below-swap qodef-image--hover-zoom  qodef-qi-grid qodef-layout--qi-columns  qodef-col-num--4  qodef-item-layout--info-below-swap qodef-responsive--predefined\" >\n\t<div class=\"qodef-grid-inner\">\n\t\t<div class=\"qodef-e qodef-grid-item product type-product post-12934 status-publish first instock product_cat-highlights product_cat-white has-post-thumbnail shipping-taxable purchasable product-type-simple\">\n\t<div class=\"qodef-e-product-inner\">\n\t\t\t\t\t<div class=\"qodef-e-product-image\">\n\t\t\t\t\t\t\t\t<div class=\"qodef-e-product-image-holder\">\n\t\t\t\t\t<a itemprop=\"url\" href=\"https:\/\/fladgatefamilywines.com\/en\/produto\/royal-palmeira-loureiro-2009\/\">\n\t\t\t\t\t\t<img loading=\"lazy\" decoding=\"async\" width=\"800\" height=\"994\" src=\"https:\/\/fladgatefamilywines.com\/wp-content\/uploads\/2024\/08\/Royal-Palmeira-2009-75-cl-2.jpg\" class=\"attachment-full size-full\" alt=\"Royal-Palmeira-2009-75-cl\" srcset=\"https:\/\/fladgatefamilywines.com\/wp-content\/uploads\/2024\/08\/Royal-Palmeira-2009-75-cl-2.jpg 800w, https:\/\/fladgatefamilywines.com\/wp-content\/uploads\/2024\/08\/Royal-Palmeira-2009-75-cl-2-600x746.jpg 600w, https:\/\/fladgatefamilywines.com\/wp-content\/uploads\/2024\/08\/Royal-Palmeira-2009-75-cl-2-300x373.jpg 300w, https:\/\/fladgatefamilywines.com\/wp-content\/uploads\/2024\/08\/Royal-Palmeira-2009-75-cl-2-241x300.jpg 241w, https:\/\/fladgatefamilywines.com\/wp-content\/uploads\/2024\/08\/Royal-Palmeira-2009-75-cl-2-768x954.jpg 768w\" sizes=\"(max-width: 800px) 100vw, 800px\" \/>\t\t\t\t\t<\/a>\n\t\t\t\t<\/div>\n\t\t\t<\/div>\n\t\t\t\t<div class=\"qodef-e-product-content\">\n\t\t\t\t<div class=\"qodef-e-product-categories\"><a href=\"https:\/\/fladgatefamilywines.com\/en\/product-category\/highlights\/\" rel=\"tag\">Highlights<\/a><span class=\"qodef-category-separator\"><\/span><a href=\"https:\/\/fladgatefamilywines.com\/en\/product-category\/white\/\" rel=\"tag\">White<\/a><\/div>\n\t\t\t<h6 itemprop=\"name\" class=\"qodef-e-product-title qodef-e-title entry-title\">\n\t<a itemprop=\"url\" class=\"qodef-e-product-title-link\" href=\"https:\/\/fladgatefamilywines.com\/en\/produto\/royal-palmeira-loureiro-2009\/\">\n\t\tRoyal Palmeira Loureiro 2009\t<\/a>\n<\/h6>\n\t\t\t<div class=\"qodef-e-swap-holder\">\n\t\t\t\t\t\t<div class=\"qodef-woo-product-price price\"><span class=\"woocommerce-Price-amount amount\">480,00&nbsp;<span class=\"woocommerce-Price-currencySymbol\">&euro;<\/span><\/span><\/div>\n\t\t\t\t\t\t<div class=\"qodef-e-to-swap\">\n\t\t\t\t\t<a class=\"qodef-shortcode qodef-m button product_type_simple add_to_cart_button ajax_add_to_cart qodef-qi-button qodef-html--link qodef-layout--filled qodef-type--standard   qodef-icon--right qodef-hover--icon-move-horizontal-short     \" href=\"?add-to-cart=12934\" target=\"_self\" data-product_id=\"12934\" data-product_sku=\"30-1-1-1-1-1-1-1\" aria-label=\"Add to cart: &ldquo;Royal Palmeira Loureiro 2009&rdquo;\" rel=\"nofollow\" data-quantity=\"1\">\t<span class=\"qodef-m-text\">Add to cart<\/span>\t<\/a>\t\t\t\t<\/div>\n\t\t\t<\/div>\n\t\t\t\t\t\t\t\t<\/div>\n\t\t<a href=\"https:\/\/fladgatefamilywines.com\/en\/produto\/royal-palmeira-loureiro-2009\/\" class=\"woocommerce-LoopProduct-link woocommerce-loop-product__link\"><\/a>\t<\/div>\n<\/div>\n<div class=\"qodef-e qodef-grid-item product type-product post-12932 status-publish instock product_cat-highlights product_cat-white has-post-thumbnail shipping-taxable purchasable product-type-simple\">\n\t<div class=\"qodef-e-product-inner\">\n\t\t\t\t\t<div class=\"qodef-e-product-image\">\n\t\t\t\t\t\t\t\t<div class=\"qodef-e-product-image-holder\">\n\t\t\t\t\t<a itemprop=\"url\" href=\"https:\/\/fladgatefamilywines.com\/en\/produto\/royal-palmeira-loureiro-2020\/\">\n\t\t\t\t\t\t<img loading=\"lazy\" decoding=\"async\" width=\"800\" height=\"994\" src=\"https:\/\/fladgatefamilywines.com\/wp-content\/uploads\/2024\/08\/Royal-Palmeira-2020-75cl-1.jpg\" class=\"attachment-full size-full\" alt=\"Royal-Palmeira-2020-75cl\" srcset=\"https:\/\/fladgatefamilywines.com\/wp-content\/uploads\/2024\/08\/Royal-Palmeira-2020-75cl-1.jpg 800w, https:\/\/fladgatefamilywines.com\/wp-content\/uploads\/2024\/08\/Royal-Palmeira-2020-75cl-1-600x746.jpg 600w, https:\/\/fladgatefamilywines.com\/wp-content\/uploads\/2024\/08\/Royal-Palmeira-2020-75cl-1-300x373.jpg 300w, https:\/\/fladgatefamilywines.com\/wp-content\/uploads\/2024\/08\/Royal-Palmeira-2020-75cl-1-241x300.jpg 241w, https:\/\/fladgatefamilywines.com\/wp-content\/uploads\/2024\/08\/Royal-Palmeira-2020-75cl-1-768x954.jpg 768w\" sizes=\"(max-width: 800px) 100vw, 800px\" \/>\t\t\t\t\t<\/a>\n\t\t\t\t<\/div>\n\t\t\t<\/div>\n\t\t\t\t<div class=\"qodef-e-product-content\">\n\t\t\t\t<div class=\"qodef-e-product-categories\"><a href=\"https:\/\/fladgatefamilywines.com\/en\/product-category\/highlights\/\" rel=\"tag\">Highlights<\/a><span class=\"qodef-category-separator\"><\/span><a href=\"https:\/\/fladgatefamilywines.com\/en\/product-category\/white\/\" rel=\"tag\">White<\/a><\/div>\n\t\t\t<h6 itemprop=\"name\" class=\"qodef-e-product-title qodef-e-title entry-title\">\n\t<a itemprop=\"url\" class=\"qodef-e-product-title-link\" href=\"https:\/\/fladgatefamilywines.com\/en\/produto\/royal-palmeira-loureiro-2020\/\">\n\t\tRoyal Palmeira Loureiro 2020\t<\/a>\n<\/h6>\n\t\t\t<div class=\"qodef-e-swap-holder\">\n\t\t\t\t\t\t<div class=\"qodef-woo-product-price price\"><span class=\"woocommerce-Price-amount amount\">481,00&nbsp;<span class=\"woocommerce-Price-currencySymbol\">&euro;<\/span><\/span><\/div>\n\t\t\t\t\t\t<div class=\"qodef-e-to-swap\">\n\t\t\t\t\t<a class=\"qodef-shortcode qodef-m button product_type_simple add_to_cart_button ajax_add_to_cart qodef-qi-button qodef-html--link qodef-layout--filled qodef-type--standard   qodef-icon--right qodef-hover--icon-move-horizontal-short     \" href=\"?add-to-cart=12932\" target=\"_self\" data-product_id=\"12932\" data-product_sku=\"30-1-1-1-1-1-1-1-1\" aria-label=\"Add to cart: &ldquo;Royal Palmeira Loureiro 2020&rdquo;\" rel=\"nofollow\" data-quantity=\"1\">\t<span class=\"qodef-m-text\">Add to cart<\/span>\t<\/a>\t\t\t\t<\/div>\n\t\t\t<\/div>\n\t\t\t\t\t\t\t\t<\/div>\n\t\t<a href=\"https:\/\/fladgatefamilywines.com\/en\/produto\/royal-palmeira-loureiro-2020\/\" class=\"woocommerce-LoopProduct-link woocommerce-loop-product__link\"><\/a>\t<\/div>\n<\/div>\n<div class=\"qodef-e qodef-grid-item product type-product post-12928 status-publish last instock product_cat-highlights product_cat-white has-post-thumbnail shipping-taxable purchasable product-type-simple\">\n\t<div class=\"qodef-e-product-inner\">\n\t\t\t\t\t<div class=\"qodef-e-product-image\">\n\t\t\t\t\t\t\t\t<div class=\"qodef-e-product-image-holder\">\n\t\t\t\t\t<a itemprop=\"url\" href=\"https:\/\/fladgatefamilywines.com\/en\/produto\/eminencia-loureiro-2015\/\">\n\t\t\t\t\t\t<img loading=\"lazy\" decoding=\"async\" width=\"800\" height=\"994\" src=\"https:\/\/fladgatefamilywines.com\/wp-content\/uploads\/2024\/08\/Eminencia-Loureiro-2015.jpg\" class=\"attachment-full size-full\" alt=\"\" srcset=\"https:\/\/fladgatefamilywines.com\/wp-content\/uploads\/2024\/08\/Eminencia-Loureiro-2015.jpg 800w, https:\/\/fladgatefamilywines.com\/wp-content\/uploads\/2024\/08\/Eminencia-Loureiro-2015-241x300.jpg 241w, https:\/\/fladgatefamilywines.com\/wp-content\/uploads\/2024\/08\/Eminencia-Loureiro-2015-768x954.jpg 768w, https:\/\/fladgatefamilywines.com\/wp-content\/uploads\/2024\/08\/Eminencia-Loureiro-2015-600x746.jpg 600w\" sizes=\"(max-width: 800px) 100vw, 800px\" \/>\t\t\t\t\t<\/a>\n\t\t\t\t<\/div>\n\t\t\t<\/div>\n\t\t\t\t<div class=\"qodef-e-product-content\">\n\t\t\t\t<div class=\"qodef-e-product-categories\"><a href=\"https:\/\/fladgatefamilywines.com\/en\/product-category\/highlights\/\" rel=\"tag\">Highlights<\/a><span class=\"qodef-category-separator\"><\/span><a href=\"https:\/\/fladgatefamilywines.com\/en\/product-category\/white\/\" rel=\"tag\">White<\/a><\/div>\n\t\t\t<h6 itemprop=\"name\" class=\"qodef-e-product-title qodef-e-title entry-title\">\n\t<a itemprop=\"url\" class=\"qodef-e-product-title-link\" href=\"https:\/\/fladgatefamilywines.com\/en\/produto\/eminencia-loureiro-2015\/\">\n\t\tEmin\u00eancia Loureiro 2015\t<\/a>\n<\/h6>\n\t\t\t<div class=\"qodef-e-swap-holder\">\n\t\t\t\t\t\t<div class=\"qodef-woo-product-price price\"><span class=\"woocommerce-Price-amount amount\">482,00&nbsp;<span class=\"woocommerce-Price-currencySymbol\">&euro;<\/span><\/span><\/div>\n\t\t\t\t\t\t<div class=\"qodef-e-to-swap\">\n\t\t\t\t\t<a class=\"qodef-shortcode qodef-m button product_type_simple add_to_cart_button ajax_add_to_cart qodef-qi-button qodef-html--link qodef-layout--filled qodef-type--standard   qodef-icon--right qodef-hover--icon-move-horizontal-short     \" href=\"?add-to-cart=12928\" target=\"_self\" data-product_id=\"12928\" data-product_sku=\"30-1-1-1-1-1-1-1-1\" aria-label=\"Add to cart: &ldquo;Emin\u00eancia Loureiro 2015&rdquo;\" rel=\"nofollow\" data-quantity=\"1\">\t<span class=\"qodef-m-text\">Add to cart<\/span>\t<\/a>\t\t\t\t<\/div>\n\t\t\t<\/div>\n\t\t\t\t\t\t\t\t<\/div>\n\t\t<a href=\"https:\/\/fladgatefamilywines.com\/en\/produto\/eminencia-loureiro-2015\/\" class=\"woocommerce-LoopProduct-link woocommerce-loop-product__link\"><\/a>\t<\/div>\n<\/div>\n\t<\/div>\n\t<\/div>\n\t\t\t\t<\/div>\n\t\t\t\t<\/div>\n\t\t\t\t\t<\/div>\n\t\t\t\t<\/div>\n\t\t\t\t<\/div>\n\t\t","protected":false},"excerpt":{"rendered":"<p>Pa\u00e7o de Palmeira Located on the banks of the C\u00e1vado River, near the city of Braga, Pa\u00e7o de Palmeira is a monumental estate with rich historical significance. Originally designed as the residence of the Archbishop of Braga, the property boasts one of the most stunning architectural landmarks in the Minho region. The estate\u2019s history as [&hellip;]<\/p>\n","protected":false},"author":2,"featured_media":0,"parent":12818,"menu_order":0,"comment_status":"closed","ping_status":"closed","template":"page-full-width.php","meta":{"_acf_changed":false,"footnotes":""},"class_list":["post-12843","page","type-page","status-publish","hentry"],"acf":[],"_links":{"self":[{"href":"https:\/\/fladgatefamilywines.com\/en\/wp-json\/wp\/v2\/pages\/12843","targetHints":{"allow":["GET"]}}],"collection":[{"href":"https:\/\/fladgatefamilywines.com\/en\/wp-json\/wp\/v2\/pages"}],"about":[{"href":"https:\/\/fladgatefamilywines.com\/en\/wp-json\/wp\/v2\/types\/page"}],"author":[{"embeddable":true,"href":"https:\/\/fladgatefamilywines.com\/en\/wp-json\/wp\/v2\/users\/2"}],"replies":[{"embeddable":true,"href":"https:\/\/fladgatefamilywines.com\/en\/wp-json\/wp\/v2\/comments?post=12843"}],"version-history":[{"count":0,"href":"https:\/\/fladgatefamilywines.com\/en\/wp-json\/wp\/v2\/pages\/12843\/revisions"}],"up":[{"embeddable":true,"href":"https:\/\/fladgatefamilywines.com\/en\/wp-json\/wp\/v2\/pages\/12818"}],"wp:attachment":[{"href":"https:\/\/fladgatefamilywines.com\/en\/wp-json\/wp\/v2\/media?parent=12843"}],"curies":[{"name":"wp","href":"https:\/\/api.w.org\/{rel}","templated":true}]}}