{"id":12826,"date":"2024-08-09T14:34:11","date_gmt":"2024-08-09T14:34:11","guid":{"rendered":"https:\/\/fladgatewines.com\/vinho-verde\/"},"modified":"2025-02-06T14:37:18","modified_gmt":"2025-02-06T14:37:18","slug":"vinho-verde","status":"publish","type":"page","link":"https:\/\/fladgatefamilywines.com\/en\/regions\/vinho-verde\/","title":{"rendered":"Vinho Verde"},"content":{"rendered":"\t\t<div data-elementor-type=\"wp-page\" data-elementor-id=\"12826\" class=\"elementor elementor-12826 elementor-10566\">\n\t\t\t\t\t\t<section class=\"elementor-section elementor-top-section elementor-element elementor-element-691f118 elementor-section-full_width elementor-section-height-min-height elementor-section-height-default elementor-section-items-middle\" data-id=\"691f118\" data-element_type=\"section\" data-settings=\"{&quot;background_background&quot;:&quot;classic&quot;}\">\n\t\t\t\t\t\t<div class=\"elementor-container elementor-column-gap-default\">\n\t\t\t\t\t<div class=\"elementor-column elementor-col-100 elementor-top-column elementor-element elementor-element-8b6861d\" data-id=\"8b6861d\" data-element_type=\"column\">\n\t\t\t<div class=\"elementor-widget-wrap\">\n\t\t\t\t\t\t\t<\/div>\n\t\t<\/div>\n\t\t\t\t\t<\/div>\n\t\t<\/section>\n\t\t\t\t<section class=\"elementor-section elementor-top-section elementor-element elementor-element-33256ba0 qodef-elementor-content-grid elementor-section-boxed elementor-section-height-default elementor-section-height-default\" data-id=\"33256ba0\" data-element_type=\"section\">\n\t\t\t\t\t\t<div class=\"elementor-container elementor-column-gap-default\">\n\t\t\t\t\t<div class=\"elementor-column elementor-col-50 elementor-top-column elementor-element elementor-element-51ca8fe9\" data-id=\"51ca8fe9\" data-element_type=\"column\">\n\t\t\t<div class=\"elementor-widget-wrap elementor-element-populated\">\n\t\t\t\t\t\t<div class=\"elementor-element elementor-element-bb99e00 elementor-widget-mobile__width-inherit elementor-widget elementor-widget-chateau_core_section_title\" data-id=\"bb99e00\" data-element_type=\"widget\" data-widget_type=\"chateau_core_section_title.default\">\n\t\t\t\t<div class=\"elementor-widget-container\">\n\t\t\t\t\t<div class=\"qodef-shortcode qodef-m  qodef-section-title qodef-alignment--left \">\n\t\t<h2 class=\"qodef-m-title\" >\n\t\t\t\t\tVINHO VERDE\t\t\t<\/h2>\n\t<div class=\"qodef-m-subtitle-content qodef--has-appear\" >\n\t<div class=\"qodef-m-subtitle-line-one\" style=\"width: 25px;background-color: #354C04\"><\/div>\n\t\t<div class=\"qodef-m-subtitle-line-two\" style=\"display: none;\"><\/div>\n<\/div>\n\t<\/div>\n\t\t\t\t<\/div>\n\t\t\t\t<\/div>\n\t\t\t\t\t<\/div>\n\t\t<\/div>\n\t\t\t\t<div class=\"elementor-column elementor-col-50 elementor-top-column elementor-element elementor-element-78937881\" data-id=\"78937881\" data-element_type=\"column\">\n\t\t\t<div class=\"elementor-widget-wrap elementor-element-populated\">\n\t\t\t\t\t\t<div class=\"elementor-element elementor-element-36beab83 elementor-widget-tablet__width-inherit elementor-widget-mobile__width-inherit elementor-widget elementor-widget-text-editor\" data-id=\"36beab83\" data-element_type=\"widget\" data-widget_type=\"text-editor.default\">\n\t\t\t\t\t\t\t\t\t<p>With around 34,000 hectares spread over an extensive area in the north of Portugal, the <b>Vinho Verde<\/b> wine region is the largest in Portugal. It is rich in water resources, with mild temperatures that are very suitable for producing balanced wines. Its maritime climate and fertile granite soils produce excellent, refreshing wines.<\/p><p>In this region we have vineyards on two properties, totalling 49 hectares:<\/p><ul><li><strong><a href=\"https:\/\/fladgatewines.com\/quintas\/quinta-da-pedra-3\/\">QUINTA DA PEDRA<\/a><\/strong><\/li><li><strong><a href=\"https:\/\/fladgatewines.com\/quintas\/paco-de-palmeira-2\/\">PA\u00c7O DE PALMEIRA<\/a><\/strong><\/li><\/ul>\t\t\t\t\t\t\t\t<\/div>\n\t\t\t\t\t<\/div>\n\t\t<\/div>\n\t\t\t\t\t<\/div>\n\t\t<\/section>\n\t\t<div class=\"elementor-element elementor-element-28700d4 e-flex e-con-boxed e-con e-parent\" data-id=\"28700d4\" data-element_type=\"container\">\n\t\t\t\t\t<div class=\"e-con-inner\">\n\t\t\t\t<div class=\"elementor-element elementor-element-d207a8e elementor-widget elementor-widget-qi_addons_for_elementor_image_slider\" data-id=\"d207a8e\" data-element_type=\"widget\" data-widget_type=\"qi_addons_for_elementor_image_slider.default\">\n\t\t\t\t<div class=\"elementor-widget-container\">\n\t\t\t\t\t<div class=\"qodef-shortcode qodef-m  qodef-qi-image-slider qodef-qi-fslightbox-popup qodef-popup-gallery    qodef-col-num--1 qodef-qi-grid qodef-qi-swiper-container  qodef-navigation--inside      qodef-navigation--hover-move\" data-options=\"{&quot;direction&quot;:&quot;horizontal&quot;,&quot;slidesPerView&quot;:&quot;1&quot;,&quot;spaceBetween&quot;:30,&quot;spaceBetweenTablet&quot;:30,&quot;spaceBetweenMobile&quot;:30,&quot;effect&quot;:&quot;slide&quot;,&quot;loop&quot;:true,&quot;autoplay&quot;:true,&quot;centeredSlides&quot;:false,&quot;speed&quot;:&quot;&quot;,&quot;speedAnimation&quot;:&quot;&quot;,&quot;outsideNavigation&quot;:&quot;no&quot;,&quot;outsidePagination&quot;:&quot;no&quot;,&quot;unique&quot;:267,&quot;partialValue&quot;:0,&quot;disablePartialValue&quot;:&quot;&quot;,&quot;parallax&quot;:&quot;no&quot;}\">\n\t<div class=\"swiper-wrapper\">\n\t\t<div class=\"qodef-e swiper-slide\">\n\t<div class=\"qodef-e-inner\">\n\t\t<div class=\"qodef-e-inner-holder\">\n\t\t\t\t\t\t\t<a class=\"qodef-popup-item\" itemprop=\"image\" href=\"https:\/\/fladgatefamilywines.com\/wp-content\/uploads\/2025\/01\/Quinta-da-Pedra-5.jpg\" data-type=\"image\" data-fslightbox=\"gallery-267\" data-e-disable-page-transition=\u201dtrue\u201d>\n\t\t\t\t\t\t\t<img fetchpriority=\"high\" decoding=\"async\" width=\"1400\" height=\"660\" src=\"https:\/\/fladgatefamilywines.com\/wp-content\/uploads\/2025\/01\/Quinta-da-Pedra-5.jpg\" class=\"attachment-full size-full\" alt=\"\" srcset=\"https:\/\/fladgatefamilywines.com\/wp-content\/uploads\/2025\/01\/Quinta-da-Pedra-5.jpg 1400w, https:\/\/fladgatefamilywines.com\/wp-content\/uploads\/2025\/01\/Quinta-da-Pedra-5-300x141.jpg 300w, https:\/\/fladgatefamilywines.com\/wp-content\/uploads\/2025\/01\/Quinta-da-Pedra-5-1024x483.jpg 1024w, https:\/\/fladgatefamilywines.com\/wp-content\/uploads\/2025\/01\/Quinta-da-Pedra-5-768x362.jpg 768w, https:\/\/fladgatefamilywines.com\/wp-content\/uploads\/2025\/01\/Quinta-da-Pedra-5-800x377.jpg 800w, https:\/\/fladgatefamilywines.com\/wp-content\/uploads\/2025\/01\/Quinta-da-Pedra-5-600x283.jpg 600w\" sizes=\"(max-width: 1400px) 100vw, 1400px\" \/>\t\t\t\t\t\t\t<\/a>\n\t\t\t\t\t<\/div>\n\t<\/div>\n\t<\/div>\n<div class=\"qodef-e swiper-slide\">\n\t<div class=\"qodef-e-inner\">\n\t\t<div class=\"qodef-e-inner-holder\">\n\t\t\t\t\t\t\t<a class=\"qodef-popup-item\" itemprop=\"image\" href=\"https:\/\/fladgatefamilywines.com\/wp-content\/uploads\/2025\/01\/Quinta-da-Pedra-6.jpg\" data-type=\"image\" data-fslightbox=\"gallery-267\" data-e-disable-page-transition=\u201dtrue\u201d>\n\t\t\t\t\t\t\t<img decoding=\"async\" width=\"1400\" height=\"660\" src=\"https:\/\/fladgatefamilywines.com\/wp-content\/uploads\/2025\/01\/Quinta-da-Pedra-6.jpg\" class=\"attachment-full size-full\" alt=\"\" srcset=\"https:\/\/fladgatefamilywines.com\/wp-content\/uploads\/2025\/01\/Quinta-da-Pedra-6.jpg 1400w, https:\/\/fladgatefamilywines.com\/wp-content\/uploads\/2025\/01\/Quinta-da-Pedra-6-300x141.jpg 300w, https:\/\/fladgatefamilywines.com\/wp-content\/uploads\/2025\/01\/Quinta-da-Pedra-6-1024x483.jpg 1024w, https:\/\/fladgatefamilywines.com\/wp-content\/uploads\/2025\/01\/Quinta-da-Pedra-6-768x362.jpg 768w, https:\/\/fladgatefamilywines.com\/wp-content\/uploads\/2025\/01\/Quinta-da-Pedra-6-800x377.jpg 800w, https:\/\/fladgatefamilywines.com\/wp-content\/uploads\/2025\/01\/Quinta-da-Pedra-6-600x283.jpg 600w\" sizes=\"(max-width: 1400px) 100vw, 1400px\" \/>\t\t\t\t\t\t\t<\/a>\n\t\t\t\t\t<\/div>\n\t<\/div>\n\t<\/div>\n<div class=\"qodef-e swiper-slide\">\n\t<div class=\"qodef-e-inner\">\n\t\t<div class=\"qodef-e-inner-holder\">\n\t\t\t\t\t\t\t<a class=\"qodef-popup-item\" itemprop=\"image\" href=\"https:\/\/fladgatefamilywines.com\/wp-content\/uploads\/2025\/01\/Paco-de-Palmeira.jpg\" data-type=\"image\" data-fslightbox=\"gallery-267\" data-e-disable-page-transition=\u201dtrue\u201d>\n\t\t\t\t\t\t\t<img decoding=\"async\" width=\"1400\" height=\"660\" src=\"https:\/\/fladgatefamilywines.com\/wp-content\/uploads\/2025\/01\/Paco-de-Palmeira.jpg\" class=\"attachment-full size-full\" alt=\"\" srcset=\"https:\/\/fladgatefamilywines.com\/wp-content\/uploads\/2025\/01\/Paco-de-Palmeira.jpg 1400w, https:\/\/fladgatefamilywines.com\/wp-content\/uploads\/2025\/01\/Paco-de-Palmeira-300x141.jpg 300w, https:\/\/fladgatefamilywines.com\/wp-content\/uploads\/2025\/01\/Paco-de-Palmeira-1024x483.jpg 1024w, https:\/\/fladgatefamilywines.com\/wp-content\/uploads\/2025\/01\/Paco-de-Palmeira-768x362.jpg 768w, https:\/\/fladgatefamilywines.com\/wp-content\/uploads\/2025\/01\/Paco-de-Palmeira-800x377.jpg 800w, https:\/\/fladgatefamilywines.com\/wp-content\/uploads\/2025\/01\/Paco-de-Palmeira-600x283.jpg 600w\" sizes=\"(max-width: 1400px) 100vw, 1400px\" \/>\t\t\t\t\t\t\t<\/a>\n\t\t\t\t\t<\/div>\n\t<\/div>\n\t<\/div>\n\t<\/div>\n\t\t<div class=\"swiper-button-prev\"><svg class=\"qodef-swiper-arrow-left\" xmlns=\"http:\/\/www.w3.org\/2000\/svg\" x=\"0px\" y=\"0px\" viewBox=\"0 0 34.2 32.3\" xml:space=\"preserve\" style=\"stroke-width: 2;\"><line x1=\"0.5\" y1=\"16\" x2=\"33.5\" y2=\"16\"\/><line x1=\"0.3\" y1=\"16.5\" x2=\"16.2\" y2=\"0.7\"\/><line x1=\"0\" y1=\"15.4\" x2=\"16.2\" y2=\"31.6\"\/><\/svg><\/div>\n\t<div class=\"swiper-button-next\"><svg class=\"qodef-swiper-arrow-right\" xmlns=\"http:\/\/www.w3.org\/2000\/svg\" x=\"0px\" y=\"0px\" viewBox=\"0 0 34.2 32.3\" xml:space=\"preserve\" style=\"stroke-width: 2;\"><line x1=\"0\" y1=\"16\" x2=\"33\" y2=\"16\"\/><line x1=\"17.3\" y1=\"0.7\" x2=\"33.2\" y2=\"16.5\"\/><line x1=\"17.3\" y1=\"31.6\" x2=\"33.5\" y2=\"15.4\"\/><\/svg><\/div>\n<\/div>\n\t\t\t\t<\/div>\n\t\t\t\t<\/div>\n\t\t\t\t\t<\/div>\n\t\t\t\t<\/div>\n\t\t<div class=\"elementor-element elementor-element-14ce21b e-flex e-con-boxed e-con e-parent\" data-id=\"14ce21b\" data-element_type=\"container\">\n\t\t\t\t\t<div class=\"e-con-inner\">\n\t\t<div class=\"elementor-element elementor-element-a0042fe e-con-full e-flex e-con e-child\" data-id=\"a0042fe\" data-element_type=\"container\">\n\t\t\t\t<div class=\"elementor-element elementor-element-704ad01 elementor-widget-tablet__width-inherit elementor-widget-mobile__width-inherit elementor-widget elementor-widget-text-editor\" data-id=\"704ad01\" data-element_type=\"widget\" data-widget_type=\"text-editor.default\">\n\t\t\t\t\t\t\t\t\t<p>The Vinho Verde region is one of Portugal&#8217;s most iconic and distinctive wine-growing areas, located in the north-west of the country, in the heart of the region known as Minho. This is Portugal&#8217;s largest demarcated region and also one of the oldest, with a wine history dating back to Roman times. Vinho Verde is unique in the world and is known for its lightness, freshness and vibrant characteristics that capture the essence of the region&#8217;s verdant landscape.<\/p><p>The climate in the Vinho Verde region is strongly influenced by the proximity of the Atlantic Ocean, with mild, rainy winters and relatively cool summers. The abundant rainfall and high humidity provide a favourable environment for growing vines, which are traditionally grown on pergolas or trellises, keeping the grapes away from the damp soil. <span data-olk-copy-source=\"MessageBody\">Modern vineyards are planted in cordon, thus enabling for more precise viticultural control. <\/span>The name \u2018Vinho Verde\u2019 does not refer to the colour of the wines, but rather to the youth and freshness with which they are consumed, usually shortly after harvest.<\/p>\t\t\t\t\t\t\t\t<\/div>\n\t\t\t\t<\/div>\n\t\t<div class=\"elementor-element elementor-element-a6a1a22 e-con-full e-flex e-con e-child\" data-id=\"a6a1a22\" data-element_type=\"container\">\n\t\t\t\t<div class=\"elementor-element elementor-element-e417659 elementor-widget-tablet__width-inherit elementor-widget-mobile__width-inherit elementor-widget elementor-widget-text-editor\" data-id=\"e417659\" data-element_type=\"widget\" data-widget_type=\"text-editor.default\">\n\t\t\t\t\t\t\t\t\t<p>The Vinho Verde region is mainly known for its white wines, which account for around 85 per cent of the region&#8217;s total production. The most emblematic white grape varieties include Alvarinho, Loureiro, Arinto (known locally as Pedern\u00e3), Trajadura, Avesso and Azal. These wines are generally light, low in alcohol and have a lively acidity that makes them extremely refreshing. <span data-olk-copy-source=\"MessageBody\">A great number of entry level wines have a slight touch of effervescence, known as \u2018needle\u2019, which further accentuates the sensation of freshness. The best wines of the region are now made in a more concentrated style, without effervescence and can have ageing potential.<\/span><\/p><p>One of the most notable sub-regions within Vinho Verde is the sub-region of Mon\u00e7\u00e3o and Melga\u00e7o, recognised for producing high-quality Alvarinho wines. <span data-olk-copy-source=\"MessageBody\">These wines are generally more structured and usually have the best ageing potential, with an amplified aromatic characteristic.<\/span><\/p>\t\t\t\t\t\t\t\t<\/div>\n\t\t\t\t<\/div>\n\t\t\t\t\t<\/div>\n\t\t\t\t<\/div>\n\t\t<div class=\"elementor-element elementor-element-71ff653 e-flex e-con-boxed e-con e-parent\" data-id=\"71ff653\" data-element_type=\"container\">\n\t\t\t\t\t<div class=\"e-con-inner\">\n\t\t\t\t<div class=\"elementor-element elementor-element-d71c20e elementor-widget elementor-widget-qi_addons_for_elementor_section_title\" data-id=\"d71c20e\" data-element_type=\"widget\" data-widget_type=\"qi_addons_for_elementor_section_title.default\">\n\t\t\t\t<div class=\"elementor-widget-container\">\n\t\t\t\t\t<div class=\"qodef-shortcode qodef-m  qodef-qi-section-title  qodef-decoration--italic  qodef-link--underline-draw qodef-subtitle-icon--left\">\n\t\t\t\t\t\t<h2 class=\"qodef-m-title\">\n\t\tOur Vineyards in the Region\t<\/h2>\n\t\t\t<\/div>\n\t\t\t\t<\/div>\n\t\t\t\t<\/div>\n\t\t\t\t\t<\/div>\n\t\t\t\t<\/div>\n\t\t<div class=\"elementor-element elementor-element-9bcf9a0 e-flex e-con-boxed e-con e-parent\" data-id=\"9bcf9a0\" data-element_type=\"container\">\n\t\t\t\t\t<div class=\"e-con-inner\">\n\t\t<div class=\"elementor-element elementor-element-736e04e e-con-full e-flex e-con e-child\" data-id=\"736e04e\" data-element_type=\"container\">\n\t\t\t\t<div class=\"elementor-element elementor-element-47133957 elementor-widget elementor-widget-image\" data-id=\"47133957\" data-element_type=\"widget\" data-widget_type=\"image.default\">\n\t\t\t\t\t\t\t\t\t\t\t\t\t\t\t<img loading=\"lazy\" decoding=\"async\" width=\"689\" height=\"454\" src=\"https:\/\/fladgatefamilywines.com\/wp-content\/uploads\/2024\/08\/Quinta-da-Pedra.jpg\" class=\"attachment-large size-large wp-image-10527\" alt=\"\" srcset=\"https:\/\/fladgatefamilywines.com\/wp-content\/uploads\/2024\/08\/Quinta-da-Pedra.jpg 689w, https:\/\/fladgatefamilywines.com\/wp-content\/uploads\/2024\/08\/Quinta-da-Pedra-600x395.jpg 600w, https:\/\/fladgatefamilywines.com\/wp-content\/uploads\/2024\/08\/Quinta-da-Pedra-300x198.jpg 300w\" sizes=\"(max-width: 689px) 100vw, 689px\" \/>\t\t\t\t\t\t\t\t\t\t\t\t\t\t\t<\/div>\n\t\t\t\t<div class=\"elementor-element elementor-element-574f220c elementor-widget elementor-widget-qi_addons_for_elementor_section_title\" data-id=\"574f220c\" data-element_type=\"widget\" data-widget_type=\"qi_addons_for_elementor_section_title.default\">\n\t\t\t\t<div class=\"elementor-widget-container\">\n\t\t\t\t\t<div class=\"qodef-shortcode qodef-m  qodef-qi-section-title  qodef-decoration--italic  qodef-link--underline-draw qodef-subtitle-icon--left\">\n\t\t\t\t\t\t<h5 class=\"qodef-m-title\">\n\t\tQuinta da Pedra\t<\/h5>\n\t\t\t\t<div class=\"qodef-m-button qodef-qi-clear\">\n\t\t<a class=\"qodef-shortcode qodef-m  qodef-qi-button qodef-html--link qodef-layout--textual qodef-type--standard   qodef-icon--right qodef-hover--icon-move-horizontal-short     \" href=\"https:\/\/fladgatewines.com\/quintas\/quinta-da-pedra-3\/\" target=\"_self\">\t<span class=\"qodef-m-text\">See Vineyard<\/span>\t<\/a>\t<\/div>\n<\/div>\n\t\t\t\t<\/div>\n\t\t\t\t<\/div>\n\t\t\t\t<\/div>\n\t\t<div class=\"elementor-element elementor-element-5242277 e-con-full e-flex e-con e-child\" data-id=\"5242277\" data-element_type=\"container\">\n\t\t\t\t<div class=\"elementor-element elementor-element-1915ec3 elementor-widget elementor-widget-image\" data-id=\"1915ec3\" data-element_type=\"widget\" data-widget_type=\"image.default\">\n\t\t\t\t\t\t\t\t\t\t\t\t\t\t\t<img loading=\"lazy\" decoding=\"async\" width=\"689\" height=\"454\" src=\"https:\/\/fladgatefamilywines.com\/wp-content\/uploads\/2024\/08\/Paco-de-Palmeira.jpg\" class=\"attachment-large size-large wp-image-10530\" alt=\"\" srcset=\"https:\/\/fladgatefamilywines.com\/wp-content\/uploads\/2024\/08\/Paco-de-Palmeira.jpg 689w, https:\/\/fladgatefamilywines.com\/wp-content\/uploads\/2024\/08\/Paco-de-Palmeira-600x395.jpg 600w, https:\/\/fladgatefamilywines.com\/wp-content\/uploads\/2024\/08\/Paco-de-Palmeira-300x198.jpg 300w\" sizes=\"(max-width: 689px) 100vw, 689px\" \/>\t\t\t\t\t\t\t\t\t\t\t\t\t\t\t<\/div>\n\t\t\t\t<div class=\"elementor-element elementor-element-0686f4a elementor-widget elementor-widget-qi_addons_for_elementor_section_title\" data-id=\"0686f4a\" data-element_type=\"widget\" data-widget_type=\"qi_addons_for_elementor_section_title.default\">\n\t\t\t\t<div class=\"elementor-widget-container\">\n\t\t\t\t\t<div class=\"qodef-shortcode qodef-m  qodef-qi-section-title  qodef-decoration--italic  qodef-link--underline-draw qodef-subtitle-icon--left\">\n\t\t\t\t\t\t<h5 class=\"qodef-m-title\">\n\t\tPa\u00e7o de Palmeira\t<\/h5>\n\t\t\t\t<div class=\"qodef-m-button qodef-qi-clear\">\n\t\t<a class=\"qodef-shortcode qodef-m  qodef-qi-button qodef-html--link qodef-layout--textual qodef-type--standard   qodef-icon--right qodef-hover--icon-move-horizontal-short     \" href=\"https:\/\/fladgatewines.com\/quintas\/paco-de-palmeira-2\/\" target=\"_self\">\t<span class=\"qodef-m-text\">See Vineyard<\/span>\t<\/a>\t<\/div>\n<\/div>\n\t\t\t\t<\/div>\n\t\t\t\t<\/div>\n\t\t\t\t<\/div>\n\t\t\t\t\t<\/div>\n\t\t\t\t<\/div>\n\t\t\t\t<\/div>\n\t\t","protected":false},"excerpt":{"rendered":"<p>VINHO VERDE With around 34,000 hectares spread over an extensive area in the north of Portugal, the Vinho Verde wine region is the largest in Portugal. It is rich in water resources, with mild temperatures that are very suitable for producing balanced wines. Its maritime climate and fertile granite soils produce excellent, refreshing wines. In [&hellip;]<\/p>\n","protected":false},"author":2,"featured_media":0,"parent":12847,"menu_order":0,"comment_status":"closed","ping_status":"closed","template":"page-full-width.php","meta":{"_acf_changed":false,"footnotes":""},"class_list":["post-12826","page","type-page","status-publish","hentry"],"acf":[],"_links":{"self":[{"href":"https:\/\/fladgatefamilywines.com\/en\/wp-json\/wp\/v2\/pages\/12826","targetHints":{"allow":["GET"]}}],"collection":[{"href":"https:\/\/fladgatefamilywines.com\/en\/wp-json\/wp\/v2\/pages"}],"about":[{"href":"https:\/\/fladgatefamilywines.com\/en\/wp-json\/wp\/v2\/types\/page"}],"author":[{"embeddable":true,"href":"https:\/\/fladgatefamilywines.com\/en\/wp-json\/wp\/v2\/users\/2"}],"replies":[{"embeddable":true,"href":"https:\/\/fladgatefamilywines.com\/en\/wp-json\/wp\/v2\/comments?post=12826"}],"version-history":[{"count":0,"href":"https:\/\/fladgatefamilywines.com\/en\/wp-json\/wp\/v2\/pages\/12826\/revisions"}],"up":[{"embeddable":true,"href":"https:\/\/fladgatefamilywines.com\/en\/wp-json\/wp\/v2\/pages\/12847"}],"wp:attachment":[{"href":"https:\/\/fladgatefamilywines.com\/en\/wp-json\/wp\/v2\/media?parent=12826"}],"curies":[{"name":"wp","href":"https:\/\/api.w.org\/{rel}","templated":true}]}}