{"id":12785,"date":"2024-08-12T13:18:26","date_gmt":"2024-08-12T13:18:26","guid":{"rendered":"https:\/\/fladgatewines.com\/team\/"},"modified":"2025-06-25T11:39:32","modified_gmt":"2025-06-25T11:39:32","slug":"our_team","status":"publish","type":"page","link":"https:\/\/fladgatefamilywines.com\/en\/our_team\/","title":{"rendered":"Our Team"},"content":{"rendered":"\t\t<div data-elementor-type=\"wp-page\" data-elementor-id=\"12785\" class=\"elementor elementor-12785 elementor-10586\">\n\t\t\t\t\t\t<section class=\"elementor-section elementor-top-section elementor-element elementor-element-691f118 elementor-section-full_width elementor-section-height-min-height elementor-section-height-default elementor-section-items-middle\" data-id=\"691f118\" data-element_type=\"section\" data-settings=\"{&quot;background_background&quot;:&quot;classic&quot;}\">\n\t\t\t\t\t\t<div class=\"elementor-container elementor-column-gap-default\">\n\t\t\t\t\t<div class=\"elementor-column elementor-col-100 elementor-top-column elementor-element elementor-element-8b6861d\" data-id=\"8b6861d\" data-element_type=\"column\">\n\t\t\t<div class=\"elementor-widget-wrap\">\n\t\t\t\t\t\t\t<\/div>\n\t\t<\/div>\n\t\t\t\t\t<\/div>\n\t\t<\/section>\n\t\t<div class=\"elementor-element elementor-element-34963ad e-flex e-con-boxed e-con e-parent\" data-id=\"34963ad\" data-element_type=\"container\">\n\t\t\t\t\t<div class=\"e-con-inner\">\n\t\t\t\t<div class=\"elementor-element elementor-element-444e1c5 elementor-widget__width-initial elementor-widget-tablet__width-initial elementor-widget-mobile__width-inherit elementor-widget elementor-widget-chateau_core_section_title\" data-id=\"444e1c5\" data-element_type=\"widget\" data-widget_type=\"chateau_core_section_title.default\">\n\t\t\t\t<div class=\"elementor-widget-container\">\n\t\t\t\t\t<div class=\"qodef-shortcode qodef-m  qodef-section-title qodef-alignment--center \">\n\t\t<h2 class=\"qodef-m-title\" >\n\t\t\t\t\tOUR TEAM\t\t\t<\/h2>\n\t<div class=\"qodef-m-subtitle-content qodef--has-appear\" style=\"margin-top: 14px\">\n\t<div class=\"qodef-m-subtitle-line-one\" style=\"width: 25px;background-color: #354C04\"><\/div>\n\t\t<div class=\"qodef-m-subtitle-line-two\" style=\"display: none;\"><\/div>\n<\/div>\n\t<\/div>\n\t\t\t\t<\/div>\n\t\t\t\t<\/div>\n\t\t\t\t<div class=\"elementor-element elementor-element-1db21e9 elementor-widget elementor-widget-spacer\" data-id=\"1db21e9\" data-element_type=\"widget\" data-widget_type=\"spacer.default\">\n\t\t\t\t<div class=\"elementor-widget-container\">\n\t\t\t\t\t\t\t<div class=\"elementor-spacer\">\n\t\t\t<div class=\"elementor-spacer-inner\"><\/div>\n\t\t<\/div>\n\t\t\t\t\t\t<\/div>\n\t\t\t\t<\/div>\n\t\t\t\t\t<\/div>\n\t\t\t\t<\/div>\n\t\t<div class=\"elementor-element elementor-element-c70a2d2 e-flex e-con-boxed e-con e-parent\" data-id=\"c70a2d2\" data-element_type=\"container\">\n\t\t\t\t\t<div class=\"e-con-inner\">\n\t\t<div class=\"elementor-element elementor-element-ff75918 e-con-full e-flex e-con e-child\" data-id=\"ff75918\" data-element_type=\"container\">\n\t\t\t\t<div class=\"elementor-element elementor-element-336487b elementor-widget elementor-widget-image\" data-id=\"336487b\" data-element_type=\"widget\" data-widget_type=\"image.default\">\n\t\t\t\t\t\t\t\t\t\t\t\t\t\t\t\t<a href=\"https:\/\/fladgatewines.com\/en\/our_team\/adrian-bridge\/\">\n\t\t\t\t\t\t\t<img fetchpriority=\"high\" decoding=\"async\" width=\"650\" height=\"650\" src=\"https:\/\/fladgatefamilywines.com\/wp-content\/uploads\/2024\/11\/Adrian-Bridge-2.jpg\" class=\"attachment-qi_blocks_image_size_square size-qi_blocks_image_size_square wp-image-11495\" alt=\"\" srcset=\"https:\/\/fladgatefamilywines.com\/wp-content\/uploads\/2024\/11\/Adrian-Bridge-2.jpg 650w, https:\/\/fladgatefamilywines.com\/wp-content\/uploads\/2024\/11\/Adrian-Bridge-2-300x300.jpg 300w, https:\/\/fladgatefamilywines.com\/wp-content\/uploads\/2024\/11\/Adrian-Bridge-2-150x150.jpg 150w, https:\/\/fladgatefamilywines.com\/wp-content\/uploads\/2024\/11\/Adrian-Bridge-2-600x600.jpg 600w, https:\/\/fladgatefamilywines.com\/wp-content\/uploads\/2024\/11\/Adrian-Bridge-2-100x100.jpg 100w\" sizes=\"(max-width: 650px) 100vw, 650px\" \/>\t\t\t\t\t\t\t\t<\/a>\n\t\t\t\t\t\t\t\t\t\t\t\t\t\t\t<\/div>\n\t\t\t\t<div class=\"elementor-element elementor-element-b0a838e elementor-widget elementor-widget-text-editor\" data-id=\"b0a838e\" data-element_type=\"widget\" data-widget_type=\"text-editor.default\">\n\t\t\t\t\t\t\t\t\t<h5 style=\"margin-bottom: 0.3em;\"><a href=\"https:\/\/fladgatewines.com\/en\/our_team\/adrian-bridge\/\">ADRIAN BRIDGE<\/a><\/h5><p style=\"margin-top: 0.2em;\">Managing Director and Chairman<\/p>\t\t\t\t\t\t\t\t<\/div>\n\t\t\t\t<\/div>\n\t\t<div class=\"elementor-element elementor-element-a755193 e-con-full e-flex e-con e-child\" data-id=\"a755193\" data-element_type=\"container\">\n\t\t\t\t<div class=\"elementor-element elementor-element-22e7a65 elementor-widget elementor-widget-image\" data-id=\"22e7a65\" data-element_type=\"widget\" data-widget_type=\"image.default\">\n\t\t\t\t\t\t\t\t\t\t\t\t\t\t\t\t<a href=\"https:\/\/fladgatewines.com\/en\/our_team\/chris-forbes\/\">\n\t\t\t\t\t\t\t<img decoding=\"async\" width=\"650\" height=\"650\" src=\"https:\/\/fladgatefamilywines.com\/wp-content\/uploads\/2025\/06\/Chris-Forbes-650-x-650-px.jpg\" class=\"attachment-large size-large wp-image-15542\" alt=\"\" srcset=\"https:\/\/fladgatefamilywines.com\/wp-content\/uploads\/2025\/06\/Chris-Forbes-650-x-650-px.jpg 650w, https:\/\/fladgatefamilywines.com\/wp-content\/uploads\/2025\/06\/Chris-Forbes-650-x-650-px-300x300.jpg 300w, https:\/\/fladgatefamilywines.com\/wp-content\/uploads\/2025\/06\/Chris-Forbes-650-x-650-px-150x150.jpg 150w, https:\/\/fladgatefamilywines.com\/wp-content\/uploads\/2025\/06\/Chris-Forbes-650-x-650-px-600x600.jpg 600w, https:\/\/fladgatefamilywines.com\/wp-content\/uploads\/2025\/06\/Chris-Forbes-650-x-650-px-100x100.jpg 100w\" sizes=\"(max-width: 650px) 100vw, 650px\" \/>\t\t\t\t\t\t\t\t<\/a>\n\t\t\t\t\t\t\t\t\t\t\t\t\t\t\t<\/div>\n\t\t\t\t<div class=\"elementor-element elementor-element-76e7893 elementor-widget elementor-widget-text-editor\" data-id=\"76e7893\" data-element_type=\"widget\" data-widget_type=\"text-editor.default\">\n\t\t\t\t\t\t\t\t\t<h5 style=\"margin-bottom: 0.3em;\">\n<a href=\"https:\/\/fladgatewines.com\/en\/our_team\/chris-forbes\/\">CHRIS FORBES<\/a><\/h5>\n<p style=\"margin-top: 0.2em;\">Deputy Managing Director<\/p>\t\t\t\t\t\t\t\t<\/div>\n\t\t\t\t<\/div>\n\t\t<div class=\"elementor-element elementor-element-6399ec7 e-con-full e-flex e-con e-child\" data-id=\"6399ec7\" data-element_type=\"container\">\n\t\t\t\t<div class=\"elementor-element elementor-element-e76128a elementor-widget elementor-widget-image\" data-id=\"e76128a\" data-element_type=\"widget\" data-widget_type=\"image.default\">\n\t\t\t\t\t\t\t\t\t\t\t\t\t\t\t\t<a href=\"https:\/\/fladgatewines.com\/en\/our_team\/raul-riba-dave\/\">\n\t\t\t\t\t\t\t<img decoding=\"async\" width=\"650\" height=\"650\" src=\"https:\/\/fladgatefamilywines.com\/wp-content\/uploads\/2024\/11\/Raul-Riba-DAve.jpg\" class=\"attachment-qi_blocks_image_size_square size-qi_blocks_image_size_square wp-image-11496\" alt=\"\" srcset=\"https:\/\/fladgatefamilywines.com\/wp-content\/uploads\/2024\/11\/Raul-Riba-DAve.jpg 650w, https:\/\/fladgatefamilywines.com\/wp-content\/uploads\/2024\/11\/Raul-Riba-DAve-300x300.jpg 300w, https:\/\/fladgatefamilywines.com\/wp-content\/uploads\/2024\/11\/Raul-Riba-DAve-150x150.jpg 150w, https:\/\/fladgatefamilywines.com\/wp-content\/uploads\/2024\/11\/Raul-Riba-DAve-600x600.jpg 600w, https:\/\/fladgatefamilywines.com\/wp-content\/uploads\/2024\/11\/Raul-Riba-DAve-100x100.jpg 100w\" sizes=\"(max-width: 650px) 100vw, 650px\" \/>\t\t\t\t\t\t\t\t<\/a>\n\t\t\t\t\t\t\t\t\t\t\t\t\t\t\t<\/div>\n\t\t\t\t<div class=\"elementor-element elementor-element-3ca41ad elementor-widget elementor-widget-text-editor\" data-id=\"3ca41ad\" data-element_type=\"widget\" data-widget_type=\"text-editor.default\">\n\t\t\t\t\t\t\t\t\t<h5 style=\"margin-bottom: 0.3em;\">\n<a href=\"https:\/\/fladgatewines.com\/en\/our_team\/raul-riba-dave\/\">RAUL RIBA D&#8217;AVE<\/a><\/h5>\n<p style=\"margin-top: 0.2em;\">Director of Prestige<\/p>\t\t\t\t\t\t\t\t<\/div>\n\t\t\t\t<\/div>\n\t\t<div class=\"elementor-element elementor-element-dfc7963 e-con-full e-flex e-con e-child\" data-id=\"dfc7963\" data-element_type=\"container\">\n\t\t\t\t<div class=\"elementor-element elementor-element-03b785c elementor-widget elementor-widget-image\" data-id=\"03b785c\" data-element_type=\"widget\" data-widget_type=\"image.default\">\n\t\t\t\t\t\t\t\t\t\t\t\t\t\t\t\t<a href=\"https:\/\/fladgatewines.com\/en\/our_team\/pedro-barbosa\/\">\n\t\t\t\t\t\t\t<img loading=\"lazy\" decoding=\"async\" width=\"650\" height=\"650\" src=\"https:\/\/fladgatefamilywines.com\/wp-content\/uploads\/2024\/11\/2-650x650.jpg\" class=\"attachment-chateau_core_image_size_square size-chateau_core_image_size_square wp-image-11700\" alt=\"Pedro Barbosa\" srcset=\"https:\/\/fladgatefamilywines.com\/wp-content\/uploads\/2024\/11\/2-650x650.jpg 650w, https:\/\/fladgatefamilywines.com\/wp-content\/uploads\/2024\/11\/2-150x150.jpg 150w, https:\/\/fladgatefamilywines.com\/wp-content\/uploads\/2024\/11\/2-100x100.jpg 100w\" sizes=\"(max-width: 650px) 100vw, 650px\" \/>\t\t\t\t\t\t\t\t<\/a>\n\t\t\t\t\t\t\t\t\t\t\t\t\t\t\t<\/div>\n\t\t\t\t<div class=\"elementor-element elementor-element-209d920 elementor-widget elementor-widget-text-editor\" data-id=\"209d920\" data-element_type=\"widget\" data-widget_type=\"text-editor.default\">\n\t\t\t\t\t\t\t\t\t<h5 style=\"margin-bottom: 0.3em;\"><a href=\"https:\/\/fladgatewines.com\/en\/our_team\/pedro-barbosa\/\">PEDRO BARBOSA<\/a><\/h5><p style=\"margin-top: 0.2em;\">Director of Viticulture<\/p>\t\t\t\t\t\t\t\t<\/div>\n\t\t\t\t<\/div>\n\t\t\t\t\t<\/div>\n\t\t\t\t<\/div>\n\t\t<div class=\"elementor-element elementor-element-613d0ad e-flex e-con-boxed e-con e-parent\" data-id=\"613d0ad\" data-element_type=\"container\">\n\t\t\t\t\t<div class=\"e-con-inner\">\n\t\t<div class=\"elementor-element elementor-element-f608e77 e-con-full e-flex e-con e-child\" data-id=\"f608e77\" data-element_type=\"container\">\n\t\t\t\t<div class=\"elementor-element elementor-element-a261c08 elementor-widget elementor-widget-image\" data-id=\"a261c08\" data-element_type=\"widget\" data-widget_type=\"image.default\">\n\t\t\t\t\t\t\t\t\t\t\t\t\t\t\t\t<a href=\"https:\/\/fladgatewines.com\/en\/our_team\/pascal-chatonnet\/\">\n\t\t\t\t\t\t\t<img loading=\"lazy\" decoding=\"async\" width=\"650\" height=\"650\" src=\"https:\/\/fladgatefamilywines.com\/wp-content\/uploads\/2024\/11\/Pascal-Chatonnet-650x650.jpg\" class=\"attachment-chateau_core_image_size_square size-chateau_core_image_size_square wp-image-11712\" alt=\"\" srcset=\"https:\/\/fladgatefamilywines.com\/wp-content\/uploads\/2024\/11\/Pascal-Chatonnet-650x650.jpg 650w, https:\/\/fladgatefamilywines.com\/wp-content\/uploads\/2024\/11\/Pascal-Chatonnet-150x150.jpg 150w, https:\/\/fladgatefamilywines.com\/wp-content\/uploads\/2024\/11\/Pascal-Chatonnet-100x100.jpg 100w\" sizes=\"(max-width: 650px) 100vw, 650px\" \/>\t\t\t\t\t\t\t\t<\/a>\n\t\t\t\t\t\t\t\t\t\t\t\t\t\t\t<\/div>\n\t\t\t\t<div class=\"elementor-element elementor-element-28e4b7f elementor-widget elementor-widget-text-editor\" data-id=\"28e4b7f\" data-element_type=\"widget\" data-widget_type=\"text-editor.default\">\n\t\t\t\t\t\t\t\t\t<h5 style=\"margin-bottom: 0.3em;\"><a href=\"https:\/\/fladgatewines.com\/en\/our_team\/pascal-chatonnet\/\">PASCAL CHATONNET<\/a><\/h5><p style=\"margin-top: 0.2em;\">Consultant Winemaker<\/p>\t\t\t\t\t\t\t\t<\/div>\n\t\t\t\t<\/div>\n\t\t<div class=\"elementor-element elementor-element-e897a0f e-con-full e-flex e-con e-child\" data-id=\"e897a0f\" data-element_type=\"container\">\n\t\t\t\t<div class=\"elementor-element elementor-element-d3f9f13 elementor-widget elementor-widget-image\" data-id=\"d3f9f13\" data-element_type=\"widget\" data-widget_type=\"image.default\">\n\t\t\t\t\t\t\t\t\t\t\t\t\t\t\t\t<a href=\"https:\/\/fladgatewines.com\/en\/our_team\/joao-vasconcelos\/\">\n\t\t\t\t\t\t\t<img loading=\"lazy\" decoding=\"async\" width=\"650\" height=\"650\" src=\"https:\/\/fladgatefamilywines.com\/wp-content\/uploads\/2024\/11\/Joao-Vasconcelos-6.jpg\" class=\"attachment-chateau_core_image_size_square size-chateau_core_image_size_square wp-image-14201\" alt=\"\" srcset=\"https:\/\/fladgatefamilywines.com\/wp-content\/uploads\/2024\/11\/Joao-Vasconcelos-6.jpg 650w, https:\/\/fladgatefamilywines.com\/wp-content\/uploads\/2024\/11\/Joao-Vasconcelos-6-300x300.jpg 300w, https:\/\/fladgatefamilywines.com\/wp-content\/uploads\/2024\/11\/Joao-Vasconcelos-6-150x150.jpg 150w, https:\/\/fladgatefamilywines.com\/wp-content\/uploads\/2024\/11\/Joao-Vasconcelos-6-600x600.jpg 600w, https:\/\/fladgatefamilywines.com\/wp-content\/uploads\/2024\/11\/Joao-Vasconcelos-6-100x100.jpg 100w\" sizes=\"(max-width: 650px) 100vw, 650px\" \/>\t\t\t\t\t\t\t\t<\/a>\n\t\t\t\t\t\t\t\t\t\t\t\t\t\t\t<\/div>\n\t\t\t\t<div class=\"elementor-element elementor-element-eca4c24 elementor-widget elementor-widget-text-editor\" data-id=\"eca4c24\" data-element_type=\"widget\" data-widget_type=\"text-editor.default\">\n\t\t\t\t\t\t\t\t\t<h5 style=\"margin-bottom: 0.3em;\"><a href=\"https:\/\/fladgatewines.com\/en\/our_team\/joao-vasconcelos\/\">JO\u00c3O VASCONCELOS<\/a><\/h5><p style=\"margin-top: 0.2em;\">Sales Director<\/p>\t\t\t\t\t\t\t\t<\/div>\n\t\t\t\t<\/div>\n\t\t<div class=\"elementor-element elementor-element-7e13dec e-con-full e-flex e-con e-child\" data-id=\"7e13dec\" data-element_type=\"container\">\n\t\t\t\t<div class=\"elementor-element elementor-element-44ee403 elementor-widget elementor-widget-image\" data-id=\"44ee403\" data-element_type=\"widget\" data-widget_type=\"image.default\">\n\t\t\t\t\t\t\t\t\t\t\t\t\t\t\t\t<a href=\"https:\/\/fladgatewines.com\/en\/our_team\/stephane-point\/\">\n\t\t\t\t\t\t\t<img loading=\"lazy\" decoding=\"async\" width=\"650\" height=\"650\" src=\"https:\/\/fladgatefamilywines.com\/wp-content\/uploads\/2023\/02\/Stephane-Point-650x650.jpg\" class=\"attachment-chateau_core_image_size_square size-chateau_core_image_size_square wp-image-10581\" alt=\"\" srcset=\"https:\/\/fladgatefamilywines.com\/wp-content\/uploads\/2023\/02\/Stephane-Point-650x650.jpg 650w, https:\/\/fladgatefamilywines.com\/wp-content\/uploads\/2023\/02\/Stephane-Point-100x100.jpg 100w, https:\/\/fladgatefamilywines.com\/wp-content\/uploads\/2023\/02\/Stephane-Point-150x150.jpg 150w, https:\/\/fladgatefamilywines.com\/wp-content\/uploads\/2023\/02\/Stephane-Point-300x300.jpg 300w\" sizes=\"(max-width: 650px) 100vw, 650px\" \/>\t\t\t\t\t\t\t\t<\/a>\n\t\t\t\t\t\t\t\t\t\t\t\t\t\t\t<\/div>\n\t\t\t\t<div class=\"elementor-element elementor-element-a3354a5 elementor-widget elementor-widget-text-editor\" data-id=\"a3354a5\" data-element_type=\"widget\" data-widget_type=\"text-editor.default\">\n\t\t\t\t\t\t\t\t\t<h5 style=\"margin-bottom: 0.3em;\"><a href=\"https:\/\/fladgatewines.com\/en\/our_team\/stephane-point\/\">ST\u00c9PHANE POINT<\/a><\/h5><p style=\"margin-top: 0.2em;\">Winemaker at Quinta Colinas de S\u00e3o Louren\u00e7o<\/p>\t\t\t\t\t\t\t\t<\/div>\n\t\t\t\t<\/div>\n\t\t<div class=\"elementor-element elementor-element-318572e e-con-full e-flex e-con e-child\" data-id=\"318572e\" data-element_type=\"container\">\n\t\t\t\t<div class=\"elementor-element elementor-element-7150180 elementor-widget elementor-widget-image\" data-id=\"7150180\" data-element_type=\"widget\" data-widget_type=\"image.default\">\n\t\t\t\t\t\t\t\t\t\t\t\t\t\t\t\t<a href=\"https:\/\/fladgatewines.com\/en\/our_team\/jose-maria-machado\/\">\n\t\t\t\t\t\t\t<img loading=\"lazy\" decoding=\"async\" width=\"650\" height=\"650\" src=\"https:\/\/fladgatefamilywines.com\/wp-content\/uploads\/2023\/02\/Jose-Maria-Machado-650x650.jpg\" class=\"attachment-chateau_core_image_size_square size-chateau_core_image_size_square wp-image-10580\" alt=\"Jos\u00e9 Maria Machado\" srcset=\"https:\/\/fladgatefamilywines.com\/wp-content\/uploads\/2023\/02\/Jose-Maria-Machado-650x650.jpg 650w, https:\/\/fladgatefamilywines.com\/wp-content\/uploads\/2023\/02\/Jose-Maria-Machado-100x100.jpg 100w, https:\/\/fladgatefamilywines.com\/wp-content\/uploads\/2023\/02\/Jose-Maria-Machado-150x150.jpg 150w, https:\/\/fladgatefamilywines.com\/wp-content\/uploads\/2023\/02\/Jose-Maria-Machado-300x300.jpg 300w\" sizes=\"(max-width: 650px) 100vw, 650px\" \/>\t\t\t\t\t\t\t\t<\/a>\n\t\t\t\t\t\t\t\t\t\t\t\t\t\t\t<\/div>\n\t\t\t\t<div class=\"elementor-element elementor-element-9530599 elementor-widget elementor-widget-text-editor\" data-id=\"9530599\" data-element_type=\"widget\" data-widget_type=\"text-editor.default\">\n\t\t\t\t\t\t\t\t\t<h5 style=\"margin-bottom: 0.3em;\"><a href=\"https:\/\/fladgatewines.com\/en\/our_team\/jose-maria-machado\/\">JOS\u00c9 MARIA MACHADO<\/a><\/h5><p style=\"margin-top: 0.2em;\">Winemaker at Quinta da Pedra and Quinta de Bella<\/p>\t\t\t\t\t\t\t\t<\/div>\n\t\t\t\t<\/div>\n\t\t\t\t\t<\/div>\n\t\t\t\t<\/div>\n\t\t<div class=\"elementor-element elementor-element-7867782 e-flex e-con-boxed e-con e-parent\" data-id=\"7867782\" data-element_type=\"container\">\n\t\t\t\t\t<div class=\"e-con-inner\">\n\t\t<div class=\"elementor-element elementor-element-f81cb6d e-con-full e-flex e-con e-child\" data-id=\"f81cb6d\" data-element_type=\"container\">\n\t\t\t\t<div class=\"elementor-element elementor-element-7810468 elementor-widget elementor-widget-image\" data-id=\"7810468\" data-element_type=\"widget\" data-widget_type=\"image.default\">\n\t\t\t\t\t\t\t\t\t\t\t\t\t\t\t\t<a href=\"https:\/\/fladgatewines.com\/en\/our_team\/marcia-goncalves\/\">\n\t\t\t\t\t\t\t<img loading=\"lazy\" decoding=\"async\" width=\"640\" height=\"640\" src=\"https:\/\/fladgatefamilywines.com\/wp-content\/uploads\/2025\/01\/1000010373.jpg\" class=\"attachment-chateau_core_image_size_square size-chateau_core_image_size_square wp-image-13709\" alt=\"\" srcset=\"https:\/\/fladgatefamilywines.com\/wp-content\/uploads\/2025\/01\/1000010373.jpg 640w, https:\/\/fladgatefamilywines.com\/wp-content\/uploads\/2025\/01\/1000010373-300x300.jpg 300w, https:\/\/fladgatefamilywines.com\/wp-content\/uploads\/2025\/01\/1000010373-150x150.jpg 150w, https:\/\/fladgatefamilywines.com\/wp-content\/uploads\/2025\/01\/1000010373-600x600.jpg 600w, https:\/\/fladgatefamilywines.com\/wp-content\/uploads\/2025\/01\/1000010373-100x100.jpg 100w\" sizes=\"(max-width: 640px) 100vw, 640px\" \/>\t\t\t\t\t\t\t\t<\/a>\n\t\t\t\t\t\t\t\t\t\t\t\t\t\t\t<\/div>\n\t\t\t\t<div class=\"elementor-element elementor-element-ccbfde3 elementor-widget elementor-widget-text-editor\" data-id=\"ccbfde3\" data-element_type=\"widget\" data-widget_type=\"text-editor.default\">\n\t\t\t\t\t\t\t\t\t<h5 style=\"margin-bottom: 0.3em;\"><a href=\"https:\/\/fladgatewines.com\/en\/our_team\/marcia-goncalves\/\">M\u00c1RCIA GON\u00c7ALVES<\/a><\/h5><p style=\"margin-top: 0.2em;\">Resident Winemaker at Quinta da Pedra and Pa\u00e7o de Palmeira<\/p>\t\t\t\t\t\t\t\t<\/div>\n\t\t\t\t<\/div>\n\t\t<div class=\"elementor-element elementor-element-42e52d8 e-con-full e-flex e-con e-child\" data-id=\"42e52d8\" data-element_type=\"container\">\n\t\t\t\t<div class=\"elementor-element elementor-element-4997051 elementor-widget elementor-widget-image\" data-id=\"4997051\" data-element_type=\"widget\" data-widget_type=\"image.default\">\n\t\t\t\t\t\t\t\t\t\t\t\t\t\t\t\t<a href=\"https:\/\/fladgatewines.com\/en\/our_team\/jose-vasconcelos\/\">\n\t\t\t\t\t\t\t<img loading=\"lazy\" decoding=\"async\" width=\"650\" height=\"650\" src=\"https:\/\/fladgatefamilywines.com\/wp-content\/uploads\/2025\/02\/Jose-Vasconcelos-quadrado.jpg\" class=\"attachment-large size-large wp-image-14848\" alt=\"\" srcset=\"https:\/\/fladgatefamilywines.com\/wp-content\/uploads\/2025\/02\/Jose-Vasconcelos-quadrado.jpg 650w, https:\/\/fladgatefamilywines.com\/wp-content\/uploads\/2025\/02\/Jose-Vasconcelos-quadrado-300x300.jpg 300w, https:\/\/fladgatefamilywines.com\/wp-content\/uploads\/2025\/02\/Jose-Vasconcelos-quadrado-150x150.jpg 150w, https:\/\/fladgatefamilywines.com\/wp-content\/uploads\/2025\/02\/Jose-Vasconcelos-quadrado-600x600.jpg 600w, https:\/\/fladgatefamilywines.com\/wp-content\/uploads\/2025\/02\/Jose-Vasconcelos-quadrado-100x100.jpg 100w\" sizes=\"(max-width: 650px) 100vw, 650px\" \/>\t\t\t\t\t\t\t\t<\/a>\n\t\t\t\t\t\t\t\t\t\t\t\t\t\t\t<\/div>\n\t\t\t\t<div class=\"elementor-element elementor-element-c4a73de elementor-widget elementor-widget-text-editor\" data-id=\"c4a73de\" data-element_type=\"widget\" data-widget_type=\"text-editor.default\">\n\t\t\t\t\t\t\t\t\t<h5 style=\"margin-bottom: 0.3em;\"><a href=\"https:\/\/fladgatewines.com\/en\/our_team\/jose-vasconcelos\/\">JOS\u00c9 VASCONCELOS<\/a><\/h5><p style=\"margin-top: 0.2em;\">Viticulture Manager<\/p>\t\t\t\t\t\t\t\t<\/div>\n\t\t\t\t<\/div>\n\t\t<div class=\"elementor-element elementor-element-111f995 e-con-full e-flex e-con e-child\" data-id=\"111f995\" data-element_type=\"container\">\n\t\t\t\t<\/div>\n\t\t<div class=\"elementor-element elementor-element-20bd18e e-con-full e-flex e-con e-child\" data-id=\"20bd18e\" data-element_type=\"container\">\n\t\t\t\t<\/div>\n\t\t\t\t\t<\/div>\n\t\t\t\t<\/div>\n\t\t\t\t<\/div>\n\t\t","protected":false},"excerpt":{"rendered":"<p>OUR TEAM ADRIAN BRIDGE Managing Director and Chairman CHRIS FORBES Deputy Managing Director RAUL RIBA D&#8217;AVE Director of Prestige PEDRO BARBOSA Director of Viticulture PASCAL CHATONNET Consultant Winemaker JO\u00c3O VASCONCELOS Sales Director ST\u00c9PHANE POINT Winemaker at Quinta Colinas de S\u00e3o Louren\u00e7o JOS\u00c9 MARIA MACHADO Winemaker at Quinta da Pedra and Quinta de Bella M\u00c1RCIA GON\u00c7ALVES [&hellip;]<\/p>\n","protected":false},"author":1,"featured_media":0,"parent":0,"menu_order":0,"comment_status":"closed","ping_status":"closed","template":"page-full-width.php","meta":{"_acf_changed":false,"footnotes":""},"class_list":["post-12785","page","type-page","status-publish","hentry"],"acf":[],"_links":{"self":[{"href":"https:\/\/fladgatefamilywines.com\/en\/wp-json\/wp\/v2\/pages\/12785","targetHints":{"allow":["GET"]}}],"collection":[{"href":"https:\/\/fladgatefamilywines.com\/en\/wp-json\/wp\/v2\/pages"}],"about":[{"href":"https:\/\/fladgatefamilywines.com\/en\/wp-json\/wp\/v2\/types\/page"}],"author":[{"embeddable":true,"href":"https:\/\/fladgatefamilywines.com\/en\/wp-json\/wp\/v2\/users\/1"}],"replies":[{"embeddable":true,"href":"https:\/\/fladgatefamilywines.com\/en\/wp-json\/wp\/v2\/comments?post=12785"}],"version-history":[{"count":3,"href":"https:\/\/fladgatefamilywines.com\/en\/wp-json\/wp\/v2\/pages\/12785\/revisions"}],"predecessor-version":[{"id":15554,"href":"https:\/\/fladgatefamilywines.com\/en\/wp-json\/wp\/v2\/pages\/12785\/revisions\/15554"}],"wp:attachment":[{"href":"https:\/\/fladgatefamilywines.com\/en\/wp-json\/wp\/v2\/media?parent=12785"}],"curies":[{"name":"wp","href":"https:\/\/api.w.org\/{rel}","templated":true}]}}